{"id":2077,"date":"2024-02-23T16:51:21","date_gmt":"2024-02-23T15:51:21","guid":{"rendered":"https:\/\/essentialbeauty.hu\/?page_id=2077"},"modified":"2025-06-19T08:43:38","modified_gmt":"2025-06-19T07:43:38","slug":"arlista-2","status":"publish","type":"page","link":"https:\/\/essentialbeauty.hu\/hu\/arlista-2\/","title":{"rendered":"\u00c1rlista"},"content":{"rendered":"<h6><\/h6>\n<h6><\/h6>\n<h6 class=\"p1\"><span class=\"s1\"><\/p>\n<p><em>\u00c1raink eur\u00f3ban \u00e9rtend\u0151ek. A kezel\u00e9s v\u00e9g\u00f6sszege forintban is kiegyenl\u00edthet\u0151. Ebben az esetben a GOOGLE FINANCE napi k\u00f6z\u00e9p\u00e1rfolyam a m\u00e9rvad\u00f3. Szalonunkban k\u00e1rty\u00e1s \u00e9s k\u00e9szp\u00e9nzes fizet\u00e9sre is van lehet\u0151s\u00e9g.<\/em><\/span><\/h6>\n","protected":false},"excerpt":{"rendered":"<p>\u00c1raink eur\u00f3ban \u00e9rtend\u0151ek. A kezel\u00e9s v\u00e9g\u00f6sszege forintban is kiegyenl\u00edthet\u0151. Ebben az esetben a GOOGLE FINANCE napi k\u00f6z\u00e9p\u00e1rfolyam a m\u00e9rvad\u00f3. Szalonunkban k\u00e1rty\u00e1s \u00e9s k\u00e9szp\u00e9nzes fizet\u00e9sre is van lehet\u0151s\u00e9g.<\/p>\n","protected":false},"author":1,"featured_media":0,"parent":0,"menu_order":0,"comment_status":"closed","ping_status":"closed","template":"template-pricing.php","meta":{"footnotes":""},"class_list":["post-2077","page","type-page","status-publish","hentry"],"_links":{"self":[{"href":"https:\/\/essentialbeauty.hu\/hu\/wp-json\/wp\/v2\/pages\/2077","targetHints":{"allow":["GET"]}}],"collection":[{"href":"https:\/\/essentialbeauty.hu\/hu\/wp-json\/wp\/v2\/pages"}],"about":[{"href":"https:\/\/essentialbeauty.hu\/hu\/wp-json\/wp\/v2\/types\/page"}],"author":[{"embeddable":true,"href":"https:\/\/essentialbeauty.hu\/hu\/wp-json\/wp\/v2\/users\/1"}],"replies":[{"embeddable":true,"href":"https:\/\/essentialbeauty.hu\/hu\/wp-json\/wp\/v2\/comments?post=2077"}],"version-history":[{"count":16,"href":"https:\/\/essentialbeauty.hu\/hu\/wp-json\/wp\/v2\/pages\/2077\/revisions"}],"predecessor-version":[{"id":2776,"href":"https:\/\/essentialbeauty.hu\/hu\/wp-json\/wp\/v2\/pages\/2077\/revisions\/2776"}],"wp:attachment":[{"href":"https:\/\/essentialbeauty.hu\/hu\/wp-json\/wp\/v2\/media?parent=2077"}],"curies":[{"name":"wp","href":"https:\/\/api.w.org\/{rel}","templated":true}]}}