{"id":777,"date":"2023-04-11T10:21:37","date_gmt":"2023-04-11T10:21:37","guid":{"rendered":"http:\/\/essentialbeauty.dmmbsolutions.com\/?page_id=777"},"modified":"2024-02-29T14:20:17","modified_gmt":"2024-02-29T13:20:17","slug":"arlista","status":"publish","type":"page","link":"https:\/\/essentialbeauty.hu\/hu\/arlista\/","title":{"rendered":"\u00c1rlista"},"content":{"rendered":"<h1 style=\"text-align: center\"><strong><span style=\"font-size: medium\"><span style=\"color: #999999\"><em><br \/>\n\u00c1raink eur\u00f3ban \u00e9rtend\u0151ek. A kezel\u00e9s v\u00e9g\u00f6sszege forintban is kiegyenl\u00edthet\u0151. Ebben az esetben a GOOGLE FINANCE napi k\u00f6z\u00e9p\u00e1rfolyam a m\u00e9rvad\u00f3. Szalonunkban k\u00e1rty\u00e1s \u00e9s k\u00e9szp\u00e9nzes fizet\u00e9sre is van lehet\u0151s\u00e9g.<\/em><\/span><\/span><\/strong><\/h1>\n<p style=\"text-align: center\">\n","protected":false},"excerpt":{"rendered":"<p>\u00c1raink eur\u00f3ban \u00e9rtend\u0151ek. A kezel\u00e9s v\u00e9g\u00f6sszege forintban is kiegyenl\u00edthet\u0151. Ebben az esetben a GOOGLE FINANCE napi k\u00f6z\u00e9p\u00e1rfolyam a m\u00e9rvad\u00f3. Szalonunkban k\u00e1rty\u00e1s \u00e9s k\u00e9szp\u00e9nzes fizet\u00e9sre is van lehet\u0151s\u00e9g.<\/p>\n","protected":false},"author":2,"featured_media":0,"parent":0,"menu_order":0,"comment_status":"closed","ping_status":"closed","template":"template-pricing.php","meta":{"footnotes":""},"class_list":["post-777","page","type-page","status-publish","hentry"],"_links":{"self":[{"href":"https:\/\/essentialbeauty.hu\/hu\/wp-json\/wp\/v2\/pages\/777","targetHints":{"allow":["GET"]}}],"collection":[{"href":"https:\/\/essentialbeauty.hu\/hu\/wp-json\/wp\/v2\/pages"}],"about":[{"href":"https:\/\/essentialbeauty.hu\/hu\/wp-json\/wp\/v2\/types\/page"}],"author":[{"embeddable":true,"href":"https:\/\/essentialbeauty.hu\/hu\/wp-json\/wp\/v2\/users\/2"}],"replies":[{"embeddable":true,"href":"https:\/\/essentialbeauty.hu\/hu\/wp-json\/wp\/v2\/comments?post=777"}],"version-history":[{"count":27,"href":"https:\/\/essentialbeauty.hu\/hu\/wp-json\/wp\/v2\/pages\/777\/revisions"}],"predecessor-version":[{"id":2103,"href":"https:\/\/essentialbeauty.hu\/hu\/wp-json\/wp\/v2\/pages\/777\/revisions\/2103"}],"wp:attachment":[{"href":"https:\/\/essentialbeauty.hu\/hu\/wp-json\/wp\/v2\/media?parent=777"}],"curies":[{"name":"wp","href":"https:\/\/api.w.org\/{rel}","templated":true}]}}