{"id":1174,"date":"2023-04-27T16:26:46","date_gmt":"2023-04-27T15:26:46","guid":{"rendered":"https:\/\/essentialbeauty.hu\/?post_type=product&#038;p=1174"},"modified":"2026-03-11T20:23:47","modified_gmt":"2026-03-11T19:23:47","slug":"essenshade-green","status":"publish","type":"product","link":"https:\/\/essentialbeauty.hu\/hu\/product\/essenshade-green\/","title":{"rendered":"Essenshade Green \/cseppent\u0151s\/"},"content":{"rendered":"<div dir=\"auto\">\n<p class=\"p1\"><span class=\"s1\">Korrekci\u00f3s sz\u00edn, hibrid pigment \u00f6nmag\u00e1ban a kiv\u00f6r\u00f6s\u00f6d\u00f6tt tetov\u00e1l\u00e1sok k\u00f6z\u00f6mb\u00f6s\u00edt\u00e9s\u00e9re, vagy a szem\u00f6ld\u00f6ksz\u00ednek hamvas\u00edt\u00e1s\u00e1ra az adott sz\u00ednnel keverve t\u00f6k\u00e9letes v\u00e1laszt\u00e1s. <\/span><\/p>\n<p class=\"p1\"><span class=\"s1\">Neutraliz\u00e1l\u00e1sn\u00e1l 1 r\u00e9tegben \u00e9rdemes a kiv\u00f6r\u00f6s\u00f6d\u00f6tt ter\u00fcletet megdolgozni, majd azut\u00e1n a k\u00edv\u00e1nt szem\u00f6ld\u00f6ksz\u00ednnel finoman megdolgozni 1-2 r\u00e9tegben a ter\u00fcletet.<\/span><\/p>\n<p class=\"p1\"><span class=\"s1\">Ajaktetov\u00e1l\u00e1sra NEM alkalmazhat\u00f3!<\/span><\/p>\n<p>Minden Essenshade term\u00e9k:<\/p>\n<\/div>\n<ul>\n<li>Kiv\u00e1l\u00f3 min\u0151s\u00e9g\u0171 alapanyagokb\u00f3l k\u00e9sz\u00fcl.<\/li>\n<li>Veg\u00e1n \u00e9s nem tesztelt\u00e9k \u00e1llatokon.<\/li>\n<li>Megfelel a legmagasabb eur\u00f3pai \u00e9s amerikai el\u0151\u00edr\u00e1soknak \u00e9s szabv\u00e1nyoknak.<\/li>\n<\/ul>\n<p>\u00d6sszetev\u0151k:<\/p>\n<p class=\"p1\"><span class=\"s1\">\u2022aqua<\/span><\/p>\n<p class=\"p1\"><span class=\"s1\">\u2022Methanol<\/span><\/p>\n<p class=\"p1\"><span class=\"s1\">\u2022Glycerin<\/span><\/p>\n<p class=\"p1\"><span class=\"s1\">\u2022Hamamelis Virginiana leaf extract<\/span><\/p>\n<p class=\"p1\"><span class=\"s1\">\u2022Cl 77891<\/span><\/p>\n<p class=\"p1\"><span class=\"s1\">\u2022Cl 11740<\/span><\/p>\n<p class=\"p1\"><span class=\"s1\">\u2022Cl 77288<\/span><\/p>\n<p>&nbsp;<\/p>\n<p>Biztons\u00e1gi adatlap:<\/p>\n<p><a href=\"https:\/\/essentialbeauty.hu\/wp-content\/uploads\/2023\/04\/EN-BL-GREEN-HU.pdf\">EN-BL-GREEN-HU<\/a><\/p>\n<p><a href=\"https:\/\/essentialbeauty.hu\/wp-content\/uploads\/2023\/11\/EN-BL-GREEN_ver.1.1.pdf\">EN-BL-GREEN_ver.1.1<\/a><\/p>\n","protected":false},"excerpt":{"rendered":"<p>Az \u00e1r nem tartalmazza az \u00c1FA-t.<\/p>\n<p>Kiszerel\u00e9s: 10 ml<\/p>\n","protected":false},"featured_media":1738,"comment_status":"closed","ping_status":"closed","template":"","meta":[],"product_brand":[],"product_cat":[103,102],"product_tag":[117,112],"class_list":{"0":"post-1174","1":"product","2":"type-product","3":"status-publish","4":"has-post-thumbnail","6":"product_cat-hibridekkel-jol-keverheto-texturaju","7":"product_cat-korrekcios-szinek","8":"product_tag-brow-pigment-hu","9":"product_tag-pigments-hu","11":"first","12":"instock","13":"taxable","14":"shipping-taxable","15":"purchasable","16":"product-type-simple"},"_links":{"self":[{"href":"https:\/\/essentialbeauty.hu\/hu\/wp-json\/wp\/v2\/product\/1174","targetHints":{"allow":["GET"]}}],"collection":[{"href":"https:\/\/essentialbeauty.hu\/hu\/wp-json\/wp\/v2\/product"}],"about":[{"href":"https:\/\/essentialbeauty.hu\/hu\/wp-json\/wp\/v2\/types\/product"}],"replies":[{"embeddable":true,"href":"https:\/\/essentialbeauty.hu\/hu\/wp-json\/wp\/v2\/comments?post=1174"}],"wp:featuredmedia":[{"embeddable":true,"href":"https:\/\/essentialbeauty.hu\/hu\/wp-json\/wp\/v2\/media\/1738"}],"wp:attachment":[{"href":"https:\/\/essentialbeauty.hu\/hu\/wp-json\/wp\/v2\/media?parent=1174"}],"wp:term":[{"taxonomy":"product_brand","embeddable":true,"href":"https:\/\/essentialbeauty.hu\/hu\/wp-json\/wp\/v2\/product_brand?post=1174"},{"taxonomy":"product_cat","embeddable":true,"href":"https:\/\/essentialbeauty.hu\/hu\/wp-json\/wp\/v2\/product_cat?post=1174"},{"taxonomy":"product_tag","embeddable":true,"href":"https:\/\/essentialbeauty.hu\/hu\/wp-json\/wp\/v2\/product_tag?post=1174"}],"curies":[{"name":"wp","href":"https:\/\/api.w.org\/{rel}","templated":true}]}}