{"id":1175,"date":"2023-04-27T16:30:39","date_gmt":"2023-04-27T15:30:39","guid":{"rendered":"https:\/\/essentialbeauty.hu\/?post_type=product&#038;p=1175"},"modified":"2026-03-19T18:18:31","modified_gmt":"2026-03-19T17:18:31","slug":"essenshade-black","status":"publish","type":"product","link":"https:\/\/essentialbeauty.hu\/hu\/product\/essenshade-black\/","title":{"rendered":"Essenshade Black \/cseppent\u0151s\/"},"content":{"rendered":"<div dir=\"auto\">\n<p class=\"p1\"><span class=\"s1\">Hibrid fekete pigment, szemh\u00e9j p\u00faderez\u00e9sre, szempilla s\u0171r\u00edt\u00e9sre, tusvonalra csod\u00e1latosan alkalmazhat\u00f3! Nagyon k\u00f6nnyen jut a b\u0151rbe, nem tartalmaz karbon feket\u00e9t ez\u00e9rt hossz\u00fat\u00e1von nem k\u00e9k\u00fcl. <\/span><\/p>\n<p class=\"p1\"><span class=\"s1\">\u00c9rdemes RED-el meleg\u00edteni, hogyha melegebb gy\u00f3gyult sz\u00edn a c\u00e9l.<\/span><\/p>\n<p class=\"p1\"><span class=\"s1\">Ha barn\u00e1s \u00e1rnyalat\u00fa szemh\u00e9jp\u00fadert szeretn\u00e9nk el\u00e9rni, <span class=\"Apple-converted-space\">\u00a0<\/span>akkor az al\u00e1bbi recepteket javasoljuk:<\/span><\/p>\n<p class=\"p1\"><span class=\"s1\">Black+ Dark Neutral<\/span><\/p>\n<p class=\"p1\"><span class=\"s1\">Black+ Nedium\/Dark Neutral<\/span><\/p>\n<p class=\"p1\"><span class=\"s1\">Black+ Mineral 4<\/span><\/p>\n<p class=\"p1\"><span class=\"s1\">Black+ Red<\/span><\/p>\n<p class=\"p1\"><span class=\"s1\">Szem\u00f6ld\u00f6k- \u00e9s ajaktetov\u00e1l\u00e1sra NEM alkalmazhat\u00f3!<\/span><\/p>\n<p>Minden Essenshade term\u00e9k:<\/p>\n<\/div>\n<ul>\n<li>Kiv\u00e1l\u00f3 min\u0151s\u00e9g\u0171 alapanyagokb\u00f3l k\u00e9sz\u00fcl.<\/li>\n<li>Veg\u00e1n \u00e9s nem tesztelt\u00e9k \u00e1llatokon.<\/li>\n<li>Megfelel a legmagasabb eur\u00f3pai \u00e9s amerikai el\u0151\u00edr\u00e1soknak \u00e9s szabv\u00e1nyoknak.<\/li>\n<\/ul>\n<p>\u00d6sszetev\u0151k:<\/p>\n<p class=\"p1\"><span class=\"s1\">\u2022Aqua<\/span><\/p>\n<p class=\"p1\"><span class=\"s1\">\u2022Methanol<\/span><\/p>\n<p class=\"p1\"><span class=\"s1\">\u2022Glycerin<\/span><\/p>\n<p class=\"p1\"><span class=\"s1\">\u2022Hamamelis Virginiana leaf extract<\/span><\/p>\n<p class=\"p1\"><span class=\"s1\">\u2022Cl 77499<\/span><\/p>\n<p class=\"p1\"><span class=\"s1\">\u2022Cl 56110<\/span><\/p>\n<p>Biztons\u00e1gi adatlap:<\/p>\n<p><a href=\"https:\/\/essentialbeauty.hu\/wp-content\/uploads\/2023\/04\/EN-BL-BLACK_ver.1-hu.pdf\">EN-BL-BLACK_ver.1 hu<\/a><\/p>\n<p>&nbsp;<\/p>\n","protected":false},"excerpt":{"rendered":"<p>Az \u00e1r nem tartalmazza az \u00c1FA-t<\/p>\n<p>Kiszerel\u00e9s: 10ml<\/p>\n","protected":false},"featured_media":2819,"comment_status":"closed","ping_status":"closed","template":"","meta":[],"product_brand":[],"product_cat":[95],"product_tag":[117,112],"class_list":{"0":"post-1175","1":"product","2":"type-product","3":"status-publish","4":"has-post-thumbnail","6":"product_cat-hibrid-pigmentek","7":"product_tag-brow-pigment-hu","8":"product_tag-pigments-hu","10":"first","11":"instock","12":"taxable","13":"shipping-taxable","14":"purchasable","15":"product-type-simple"},"_links":{"self":[{"href":"https:\/\/essentialbeauty.hu\/hu\/wp-json\/wp\/v2\/product\/1175","targetHints":{"allow":["GET"]}}],"collection":[{"href":"https:\/\/essentialbeauty.hu\/hu\/wp-json\/wp\/v2\/product"}],"about":[{"href":"https:\/\/essentialbeauty.hu\/hu\/wp-json\/wp\/v2\/types\/product"}],"replies":[{"embeddable":true,"href":"https:\/\/essentialbeauty.hu\/hu\/wp-json\/wp\/v2\/comments?post=1175"}],"wp:featuredmedia":[{"embeddable":true,"href":"https:\/\/essentialbeauty.hu\/hu\/wp-json\/wp\/v2\/media\/2819"}],"wp:attachment":[{"href":"https:\/\/essentialbeauty.hu\/hu\/wp-json\/wp\/v2\/media?parent=1175"}],"wp:term":[{"taxonomy":"product_brand","embeddable":true,"href":"https:\/\/essentialbeauty.hu\/hu\/wp-json\/wp\/v2\/product_brand?post=1175"},{"taxonomy":"product_cat","embeddable":true,"href":"https:\/\/essentialbeauty.hu\/hu\/wp-json\/wp\/v2\/product_cat?post=1175"},{"taxonomy":"product_tag","embeddable":true,"href":"https:\/\/essentialbeauty.hu\/hu\/wp-json\/wp\/v2\/product_tag?post=1175"}],"curies":[{"name":"wp","href":"https:\/\/api.w.org\/{rel}","templated":true}]}}