{"id":1176,"date":"2023-04-27T16:33:53","date_gmt":"2023-04-27T15:33:53","guid":{"rendered":"https:\/\/essentialbeauty.hu\/?post_type=product&#038;p=1176"},"modified":"2026-04-16T19:26:19","modified_gmt":"2026-04-16T18:26:19","slug":"essenshade-red","status":"publish","type":"product","link":"https:\/\/essentialbeauty.hu\/hu\/product\/essenshade-red\/","title":{"rendered":"Essenshade Red \/cseppent\u0151s\/"},"content":{"rendered":"<div dir=\"auto\">\n<p class=\"p1\"><span class=\"s1\">Korrekci\u00f3s sz\u00edn, hibrid pigment, amely a nem k\u00edv\u00e1nt hideg \u00e1rnyalatra gy\u00f3gyult sminktetov\u00e1l\u00e1sok neutraliz\u00e1l\u00e1s\u00e1ra\/ meleg\u00edt\u00e9s\u00e9re alkalmazand\u00f3. Sz\u00fcrk\u00e9s, k\u00e9kes szem\u00f6ld\u00f6ksz\u00ednek k\u00f6z\u00f6mb\u00f6s\u00edt\u00e9s\u00e9re kiv\u00e1l\u00f3.<\/span><\/p>\n<p class=\"p1\"><span class=\"s1\">A szem\u00f6ld\u00f6ksz\u00ednekkel, valamint a feket\u00e9vel keverve azokat meleg\u00edti. <\/span><\/p>\n<p class=\"p1\"><span class=\"s1\">Neutraliz\u00e1l\u00e1sn\u00e1l 2 r\u00e9tegben \u00e9rdemes a sz\u00fcrk\u00e9s\/k\u00e9kes ter\u00fcletet megdolgozni, majd azut\u00e1n a k\u00edv\u00e1nt MELEG szem\u00f6ld\u00f6ksz\u00ednnel meghinteni 1-2 r\u00e9tegben a ter\u00fcletet.<\/span><\/p>\n<p class=\"p1\"><span class=\"s1\">Ajaktetov\u00e1l\u00e1sra NEM alkalmazhat\u00f3!<\/span><\/p>\n<p>Minden Essenshade term\u00e9k:<\/p>\n<\/div>\n<ul>\n<li>Kiv\u00e1l\u00f3 min\u0151s\u00e9g\u0171 alapanyagokb\u00f3l k\u00e9sz\u00fcl.<\/li>\n<li>Veg\u00e1n \u00e9s nem tesztelt\u00e9k \u00e1llatokon.<\/li>\n<li>Megfelel a legmagasabb eur\u00f3pai \u00e9s amerikai el\u0151\u00edr\u00e1soknak \u00e9s szabv\u00e1nyoknak.<\/li>\n<\/ul>\n<p>&nbsp;<\/p>\n<p class=\"p1\"><span class=\"s1\">\u00d6sszetev\u0151k:<br \/>\n\u2022aqua<\/span><\/p>\n<p class=\"p1\"><span class=\"s1\">\u2022Methanol<\/span><\/p>\n<p class=\"p1\"><span class=\"s1\">\u2022Glycerin<\/span><\/p>\n<p class=\"p1\"><span class=\"s1\">\u2022Hamamelis Virginiana leaf extract<\/span><\/p>\n<p class=\"p1\"><span class=\"s1\">\u2022Cl 77491<\/span><\/p>\n<p class=\"p1\"><span class=\"s1\">\u2022Cl 11740<\/span><\/p>\n<p class=\"p1\"><span class=\"s1\">\u2022Cl 77891<\/span><\/p>\n<p>&nbsp;<\/p>\n<p>Biztons\u00e1gi adatlap:<\/p>\n<p><a href=\"https:\/\/essentialbeauty.hu\/wp-content\/uploads\/2023\/04\/EN-BL-RED_ver.1-hu.pdf\">EN-BL-RED_ver.1 hu<\/a><\/p>\n<p><a href=\"https:\/\/essentialbeauty.hu\/wp-content\/uploads\/2023\/11\/EN-BL-RED_ver.1.1.pdf\">EN-BL-RED_ver.1.1<\/a><\/p>\n","protected":false},"excerpt":{"rendered":"<p>Az \u00e1r nem tartalmazza az \u00c1FA-t.<\/p>\n<p>Kiszerel\u00e9s: 10 ml<\/p>\n","protected":false},"featured_media":2820,"comment_status":"closed","ping_status":"closed","template":"","meta":[],"product_brand":[],"product_cat":[103,102],"product_tag":[117,112],"class_list":{"0":"post-1176","1":"product","2":"type-product","3":"status-publish","4":"has-post-thumbnail","6":"product_cat-hibridekkel-jol-keverheto-texturaju","7":"product_cat-korrekcios-szinek","8":"product_tag-brow-pigment-hu","9":"product_tag-pigments-hu","11":"first","12":"instock","13":"taxable","14":"shipping-taxable","15":"purchasable","16":"product-type-simple"},"_links":{"self":[{"href":"https:\/\/essentialbeauty.hu\/hu\/wp-json\/wp\/v2\/product\/1176","targetHints":{"allow":["GET"]}}],"collection":[{"href":"https:\/\/essentialbeauty.hu\/hu\/wp-json\/wp\/v2\/product"}],"about":[{"href":"https:\/\/essentialbeauty.hu\/hu\/wp-json\/wp\/v2\/types\/product"}],"replies":[{"embeddable":true,"href":"https:\/\/essentialbeauty.hu\/hu\/wp-json\/wp\/v2\/comments?post=1176"}],"wp:featuredmedia":[{"embeddable":true,"href":"https:\/\/essentialbeauty.hu\/hu\/wp-json\/wp\/v2\/media\/2820"}],"wp:attachment":[{"href":"https:\/\/essentialbeauty.hu\/hu\/wp-json\/wp\/v2\/media?parent=1176"}],"wp:term":[{"taxonomy":"product_brand","embeddable":true,"href":"https:\/\/essentialbeauty.hu\/hu\/wp-json\/wp\/v2\/product_brand?post=1176"},{"taxonomy":"product_cat","embeddable":true,"href":"https:\/\/essentialbeauty.hu\/hu\/wp-json\/wp\/v2\/product_cat?post=1176"},{"taxonomy":"product_tag","embeddable":true,"href":"https:\/\/essentialbeauty.hu\/hu\/wp-json\/wp\/v2\/product_tag?post=1176"}],"curies":[{"name":"wp","href":"https:\/\/api.w.org\/{rel}","templated":true}]}}