{"id":1290,"date":"2023-05-23T05:04:49","date_gmt":"2023-05-23T04:04:49","guid":{"rendered":"https:\/\/essentialbeauty.hu\/?post_type=product&#038;p=1290"},"modified":"2026-03-05T15:58:37","modified_gmt":"2026-03-05T14:58:37","slug":"essenshade-mineral-ii","status":"publish","type":"product","link":"https:\/\/essentialbeauty.hu\/hu\/product\/essenshade-mineral-ii\/","title":{"rendered":"Essenshade Mineral II"},"content":{"rendered":"<p class=\"p1\"><span class=\"s1\">Speci\u00e1lis \u00e1sv\u00e1nyi pigment formula, amely nagyon k\u00f6nnyen bedolgozhat\u00f3 a b\u0151rbe, 60-70%-os pigmentmegmarad\u00e1s v\u00e1rhat\u00f3 a gy\u00f3gyul\u00e1s ut\u00e1n.<br \/>\nA MINERAL II egy gy\u00f6ny\u00f6r\u0171 m\u00e9dium\/s\u00f6t\u00e9tebb nat\u00far barna. T\u00f6k\u00e9letes jollyjoker sz\u00edn sz\u00e1laz\u00e1sra \u00e9s p\u00faderez\u00e9sre is.<br \/>\n\u00c9lettartama a b\u0151rben k\u00f6r\u00fclbel\u00fcl 1-1,5 \u00e9v. Kr\u00e9mesebb \u00e1llag\u00fa, \u00edgy a hig\u00edt\u00f3j\u00e1val (THINNER) keverend\u0151. (2-4 csepp)<\/span><\/p>\n<p class=\"p1\"><span class=\"s1\">SZ\u00c1LAS technik\u00e1hoz minden MINERAL pigmenthez kever\u00fcnk MINERAL WARM-ot, techik\u00e1t\u00f3l \u00e9s sz\u00edn er\u0151ss\u00e9gt\u0151l f\u00fcgg\u0151en! L\u00e1sd al\u00e1bb a recept javaslataimn\u00e1l.<\/span><\/p>\n<p class=\"p1\"><span class=\"s1\">Minden Essenshade Mineral szem\u00f6ld\u00f6k pigment szervetlen pigmentek kever\u00e9ke.<br \/>\nMinden Essenshade term\u00e9k:<\/span><\/p>\n<p class=\"p1\"><span class=\"s1\">\u2022Kiv\u00e1l\u00f3 min\u0151s\u00e9g\u0171 alapanyagokb\u00f3l k\u00e9sz\u00fcl.<\/span><\/p>\n<p class=\"p1\"><span class=\"s1\">\u2022Veg\u00e1n \u00e9s nem tesztelt\u00e9k \u00e1llatokon.<\/span><\/p>\n<p class=\"p1\"><span class=\"s1\">\u2022Megfelel a legmagasabb eur\u00f3pai \u00e9s amerikai el\u0151\u00edr\u00e1soknak \u00e9s szabv\u00e1nyoknak.<\/span><\/p>\n<p class=\"p1\"><span class=\"s1\">Az Essenshade sz\u00edneit rendk\u00edv\u00fcl gondosan v\u00e1logattam \u00f6ssze az alapj\u00e1n, ahogyan az \u00e9rz\u00e9seim \u00e9s tapasztalataim sugallt\u00e1k. V\u00e1laszt\u00e1somban az vezetett, hogy mely \u00e1rnyalatokra lenne legink\u00e1bb sz\u00fcks\u00e9ge a vend\u00e9geimnek \u00e9s a sminktetov\u00e1l\u00f3 koll\u00e9g\u00e1imnak. Fontos volt sz\u00e1momra, hogy a sz\u00ednek egyt\u0151l egyig olyanok legyenek, amikhez mindig sz\u00edvesen ny\u00falunk a sminktetov\u00e1l\u00e1s sor\u00e1n \u2013 gyakori haszn\u00e1latra terveztem \u0151ket, \u00f6r\u00f6kz\u00f6ld sz\u00ednekk\u00e9nt. Sz\u00edvb\u0151l \u00e9s \u00f3ri\u00e1si szeretettel adom \u00e1t Sz\u00e1motokra.<\/span><\/p>\n<p>\u00d6sszetev\u0151k:<\/p>\n<p class=\"p1\"><span class=\"s1\">Sterile water<\/span><\/p>\n<p class=\"p1\"><span class=\"s1\">Glycerin<\/span><\/p>\n<p class=\"p1\"><span class=\"s1\">Ethanol <\/span><\/p>\n<p class=\"p1\"><span class=\"s1\">Ci 77499<\/span><\/p>\n<p class=\"p1\"><span class=\"s1\">77491<\/span><\/p>\n<p class=\"p1\"><span class=\"s1\">77492<\/span><\/p>\n<p class=\"p1\"><span class=\"s1\">77891<\/span><\/p>\n<p class=\"p1\"><span class=\"s1\">77288<\/span><\/p>\n<p>RECEPTEK:<\/p>\n<p>\u2013 SZ\u0150K\u00c9KNEK:<br \/>\nSz\u00e1las technik\u00e1hoz:<br \/>\nAlap sz\u00e1lakhoz: MINERAL I + MINERAL WARM (80%-20%)<br \/>\nVolumenre\/s\u0171r\u00edt\u00e9sre: MINERAL II+ MINERAL WARM (60%-40%)<\/p>\n<p>P\u00faderes technik\u00e1hoz:<br \/>\nMINERAL I<br \/>\nMINERAL II+ MINERAL COLD (50%-50%)<\/p>\n<p>\u2013 BARN\u00c1KNAK:<br \/>\nSz\u00e1las technik\u00e1hoz:<br \/>\nAlap sz\u00e1lakhoz:<br \/>\nMINERAL I+ MINERAL WARM (80%-20%)<br \/>\nMINERAL I+ MINERAL II+ MINERAL WARM (40%-40%-20%)<br \/>\nVolumenre\/s\u0171r\u00edt\u00e9sre: MINERAL II + MINERAL WARM (60+40%)<\/p>\n<p>P\u00faderes technik\u00e1hoz:<br \/>\nMINERAL II<br \/>\nMINERAL I+ MINERAL II (50%-50%)<\/p>\n<p>&nbsp;<\/p>\n<p>-S\u00d6T\u00c9T\/FEKETE BARN\u00c1KHOZ:<br \/>\nSz\u00e1las technik\u00e1hoz:<br \/>\nAlap sz\u00e1lakra:<br \/>\nMINERAL II+ MINERAL WARM (60%-40%)<\/p>\n<p>Volumenre\/s\u0171r\u00edt\u00e9sre:<br \/>\nMINERAL III+ MINERAL WARM (50%-50%)<\/p>\n<p>P\u00faderes technik\u00e1hoz:<br \/>\nMINERAL III+ MINERAL WARM (50%-50%)<\/p>\n<p class=\"p1\"><em><strong>Biztons\u00e1gi adatlap:<\/strong><\/em><\/p>\n<p><a href=\"https:\/\/essentialbeauty.hu\/wp-content\/uploads\/2023\/11\/SAFETY-DATA-SHEET-MINERAL-hu.pdf\">SAFETY DATA SHEET MINERAL hu<\/a><\/p>\n","protected":false},"excerpt":{"rendered":"<p><b><\/b>Az \u00e1r nem tartalmazza az \u00c1FA-t.<\/p>\n<p>Kiszerel\u00e9s: 10 ml<\/p>\n","protected":false},"featured_media":1286,"comment_status":"closed","ping_status":"closed","template":"","meta":[],"product_brand":[],"product_cat":[94],"product_tag":[113,117,112],"class_list":{"0":"post-1290","1":"product","2":"type-product","3":"status-publish","4":"has-post-thumbnail","6":"product_cat-mineral-pigmentek","7":"product_tag-brow-hu","8":"product_tag-brow-pigment-hu","9":"product_tag-pigments-hu","11":"first","12":"instock","13":"taxable","14":"shipping-taxable","15":"purchasable","16":"product-type-simple"},"_links":{"self":[{"href":"https:\/\/essentialbeauty.hu\/hu\/wp-json\/wp\/v2\/product\/1290","targetHints":{"allow":["GET"]}}],"collection":[{"href":"https:\/\/essentialbeauty.hu\/hu\/wp-json\/wp\/v2\/product"}],"about":[{"href":"https:\/\/essentialbeauty.hu\/hu\/wp-json\/wp\/v2\/types\/product"}],"replies":[{"embeddable":true,"href":"https:\/\/essentialbeauty.hu\/hu\/wp-json\/wp\/v2\/comments?post=1290"}],"wp:featuredmedia":[{"embeddable":true,"href":"https:\/\/essentialbeauty.hu\/hu\/wp-json\/wp\/v2\/media\/1286"}],"wp:attachment":[{"href":"https:\/\/essentialbeauty.hu\/hu\/wp-json\/wp\/v2\/media?parent=1290"}],"wp:term":[{"taxonomy":"product_brand","embeddable":true,"href":"https:\/\/essentialbeauty.hu\/hu\/wp-json\/wp\/v2\/product_brand?post=1290"},{"taxonomy":"product_cat","embeddable":true,"href":"https:\/\/essentialbeauty.hu\/hu\/wp-json\/wp\/v2\/product_cat?post=1290"},{"taxonomy":"product_tag","embeddable":true,"href":"https:\/\/essentialbeauty.hu\/hu\/wp-json\/wp\/v2\/product_tag?post=1290"}],"curies":[{"name":"wp","href":"https:\/\/api.w.org\/{rel}","templated":true}]}}