{"id":1299,"date":"2023-05-23T16:11:24","date_gmt":"2023-05-23T15:11:24","guid":{"rendered":"https:\/\/essentialbeauty.hu\/?post_type=product&#038;p=1299"},"modified":"2026-03-05T15:58:37","modified_gmt":"2026-03-05T14:58:37","slug":"essenshade-thinner","status":"publish","type":"product","link":"https:\/\/essentialbeauty.hu\/hu\/product\/essenshade-thinner\/","title":{"rendered":"Essenshade Thinner"},"content":{"rendered":"<p>Az ESSENSHADE MINERAL pigmentek h\u00edg\u00edt\u00e1s\u00e1hoz sz\u00fcks\u00e9ges term\u00e9k. Ezzel a h\u00edg\u00edt\u00f3val a szakember prec\u00edzen be\u00e1ll\u00edthatja a pigment k\u00edv\u00e1nt konzisztenci\u00e1j\u00e1t att\u00f3l f\u00fcgg\u0151en, hogy milyen technik\u00e1t szeretne alkalmazni.<br \/>\nAmennyiben t\u00fal kr\u00e9mes a pigment \u00e1llaga, a pigment h\u00edg\u00edt\u00f3 folyad\u00e9kb\u00f3l csepegtetve, alapos kever\u00e9ssel h\u00edg\u00edthat\u00f3 annak \u00e1llaga.<\/p>\n<p>\u00d6sszetev\u0151k:<br \/>\nSteril Water, Glicerin, Ethanol<\/p>\n","protected":false},"excerpt":{"rendered":"<p>Az \u00e1r nem tartalmazza az \u00c1FA-t.<\/p>\n<p>Kiszerel\u00e9s: 10 ml<\/p>\n","protected":false},"featured_media":2814,"comment_status":"closed","ping_status":"closed","template":"","meta":[],"product_brand":[],"product_cat":[94],"product_tag":[113,117,112],"class_list":{"0":"post-1299","1":"product","2":"type-product","3":"status-publish","4":"has-post-thumbnail","6":"product_cat-mineral-pigmentek","7":"product_tag-brow-hu","8":"product_tag-brow-pigment-hu","9":"product_tag-pigments-hu","11":"first","12":"instock","13":"taxable","14":"shipping-taxable","15":"purchasable","16":"product-type-simple"},"_links":{"self":[{"href":"https:\/\/essentialbeauty.hu\/hu\/wp-json\/wp\/v2\/product\/1299","targetHints":{"allow":["GET"]}}],"collection":[{"href":"https:\/\/essentialbeauty.hu\/hu\/wp-json\/wp\/v2\/product"}],"about":[{"href":"https:\/\/essentialbeauty.hu\/hu\/wp-json\/wp\/v2\/types\/product"}],"replies":[{"embeddable":true,"href":"https:\/\/essentialbeauty.hu\/hu\/wp-json\/wp\/v2\/comments?post=1299"}],"wp:featuredmedia":[{"embeddable":true,"href":"https:\/\/essentialbeauty.hu\/hu\/wp-json\/wp\/v2\/media\/2814"}],"wp:attachment":[{"href":"https:\/\/essentialbeauty.hu\/hu\/wp-json\/wp\/v2\/media?parent=1299"}],"wp:term":[{"taxonomy":"product_brand","embeddable":true,"href":"https:\/\/essentialbeauty.hu\/hu\/wp-json\/wp\/v2\/product_brand?post=1299"},{"taxonomy":"product_cat","embeddable":true,"href":"https:\/\/essentialbeauty.hu\/hu\/wp-json\/wp\/v2\/product_cat?post=1299"},{"taxonomy":"product_tag","embeddable":true,"href":"https:\/\/essentialbeauty.hu\/hu\/wp-json\/wp\/v2\/product_tag?post=1299"}],"curies":[{"name":"wp","href":"https:\/\/api.w.org\/{rel}","templated":true}]}}