{"id":1321,"date":"2023-05-26T12:06:53","date_gmt":"2023-05-26T11:06:53","guid":{"rendered":"https:\/\/essentialbeauty.hu\/?post_type=product&#038;p=1321"},"modified":"2026-02-16T15:13:00","modified_gmt":"2026-02-16T14:13:00","slug":"1-rl-module","status":"publish","type":"product","link":"https:\/\/essentialbeauty.hu\/hu\/product\/1-rl-module\/","title":{"rendered":"1 RL Module"},"content":{"rendered":"<p>0,25\/1 RL<\/p>\n<p>A 0,25\/1 RL t\u0171modul sokoldal\u00fa, biztons\u00e1gos \u00e9s prec\u00edz tetov\u00e1l\u00e1st tesz lehet\u0151v\u00e9. Kialak\u00edt\u00e1s\u00e1nak k\u00f6sz\u00f6nhet\u0151en k\u00e9nyelmes \u00e9s kisz\u00e1m\u00edthat\u00f3 vele a munka, kiv\u00e1l\u00f3an alkalmazhat\u00f3 p\u00faderes \u00e9s sz\u00e1las technika eset\u00e9n is, de legink\u00e1bb p\u00faderes technik\u00e1hoz javasoljuk. Az 0,25\/1 RL t\u0171modult profi sminktetov\u00e1l\u00f3k csapata fejlesztette ki, hogy minden ig\u00e9nyt t\u00f6k\u00e9letesen kiel\u00e9g\u00edthessen, legyen az szem\u00f6ld\u00f6k-, szemh\u00e9j- vagy ajaktetov\u00e1l\u00e1s.<\/p>\n<p>Alkalmaz\u00e1si ter\u00fclet:<br \/>\n* szem\u00f6ld\u00f6k (minden technik\u00e1ra)<br \/>\n* szemh\u00e9j\u00a0(minden technik\u00e1ra)<br \/>\n* ajak\u00a0(minden technik\u00e1ra)<\/p>\n","protected":false},"excerpt":{"rendered":"<p>Az \u00e1r nem tartalmazza az \u00c1FA-t.<\/p>\n<p>Kiszerel\u00e9s: 10 darab\/doboz<\/p>\n","protected":false},"featured_media":1322,"comment_status":"closed","ping_status":"closed","template":"","meta":[],"product_brand":[],"product_cat":[79],"product_tag":[114],"class_list":{"0":"post-1321","1":"product","2":"type-product","3":"status-publish","4":"has-post-thumbnail","6":"product_cat-kiegeszitok-hu","7":"product_tag-module-hu","9":"first","10":"instock","11":"taxable","12":"shipping-taxable","13":"purchasable","14":"product-type-simple"},"_links":{"self":[{"href":"https:\/\/essentialbeauty.hu\/hu\/wp-json\/wp\/v2\/product\/1321","targetHints":{"allow":["GET"]}}],"collection":[{"href":"https:\/\/essentialbeauty.hu\/hu\/wp-json\/wp\/v2\/product"}],"about":[{"href":"https:\/\/essentialbeauty.hu\/hu\/wp-json\/wp\/v2\/types\/product"}],"replies":[{"embeddable":true,"href":"https:\/\/essentialbeauty.hu\/hu\/wp-json\/wp\/v2\/comments?post=1321"}],"wp:featuredmedia":[{"embeddable":true,"href":"https:\/\/essentialbeauty.hu\/hu\/wp-json\/wp\/v2\/media\/1322"}],"wp:attachment":[{"href":"https:\/\/essentialbeauty.hu\/hu\/wp-json\/wp\/v2\/media?parent=1321"}],"wp:term":[{"taxonomy":"product_brand","embeddable":true,"href":"https:\/\/essentialbeauty.hu\/hu\/wp-json\/wp\/v2\/product_brand?post=1321"},{"taxonomy":"product_cat","embeddable":true,"href":"https:\/\/essentialbeauty.hu\/hu\/wp-json\/wp\/v2\/product_cat?post=1321"},{"taxonomy":"product_tag","embeddable":true,"href":"https:\/\/essentialbeauty.hu\/hu\/wp-json\/wp\/v2\/product_tag?post=1321"}],"curies":[{"name":"wp","href":"https:\/\/api.w.org\/{rel}","templated":true}]}}