{"id":1421,"date":"2023-06-29T12:31:03","date_gmt":"2023-06-29T11:31:03","guid":{"rendered":"https:\/\/essentialbeauty.hu\/?post_type=product&#038;p=1421"},"modified":"2025-12-09T15:03:33","modified_gmt":"2025-12-09T14:03:33","slug":"tervezesre-alkalmazhato-elorajzolo-ecset","status":"publish","type":"product","link":"https:\/\/essentialbeauty.hu\/hu\/product\/tervezesre-alkalmazhato-elorajzolo-ecset\/","title":{"rendered":"Tervez\u00e9sre alkalmazhat\u00f3 EL\u0150RAJZOL\u00d3 ecset"},"content":{"rendered":"<p class=\"p1\"><span class=\"s1\">Ezzel a speci\u00e1lis el\u0151rajzol\u00f3 ecsettel k\u00f6nnyed\u00e9n kialak\u00edthat\u00f3 a k\u00edv\u00e1nt forma\u00a0az el\u0151rajzol\u00e1s sor\u00e1n. Rendk\u00edv\u00fcl felgyors\u00edtja a pigment felvitelt a tervez\u00e9s folyamata alatt.<\/span><\/p>\n<p class=\"p1\"><span class=\"s1\">Javasolt hig\u00edtott pigmentet felvinni vele a szem\u00f6ld\u00f6k fel\u00fclet\u00e9re.<\/span><\/p>\n","protected":false},"excerpt":{"rendered":"<p>Ezzel a speci\u00e1lis el\u0151rajzol\u00f3 ecsettel k\u00f6nnyed\u00e9n kialak\u00edthat\u00f3 a k\u00edv\u00e1nt forma\u00a0az el\u0151rajzol\u00e1s sor\u00e1n. Rendk\u00edv\u00fcl felgyors\u00edtja a pigment felvitelt a tervez\u00e9s folyamata alatt. Javasolt hig\u00edtott pigmentet felvinni vele a szem\u00f6ld\u00f6k fel\u00fclet\u00e9re.<\/p>\n","protected":false},"featured_media":1432,"comment_status":"closed","ping_status":"closed","template":"","meta":[],"product_brand":[],"product_cat":[79],"product_tag":[113,88,89],"class_list":{"0":"post-1421","1":"product","2":"type-product","3":"status-publish","4":"has-post-thumbnail","6":"product_cat-kiegeszitok-hu","7":"product_tag-brow-hu","8":"product_tag-brush","9":"product_tag-pmu","11":"first","12":"instock","13":"taxable","14":"shipping-taxable","15":"purchasable","16":"product-type-simple"},"_links":{"self":[{"href":"https:\/\/essentialbeauty.hu\/hu\/wp-json\/wp\/v2\/product\/1421","targetHints":{"allow":["GET"]}}],"collection":[{"href":"https:\/\/essentialbeauty.hu\/hu\/wp-json\/wp\/v2\/product"}],"about":[{"href":"https:\/\/essentialbeauty.hu\/hu\/wp-json\/wp\/v2\/types\/product"}],"replies":[{"embeddable":true,"href":"https:\/\/essentialbeauty.hu\/hu\/wp-json\/wp\/v2\/comments?post=1421"}],"wp:featuredmedia":[{"embeddable":true,"href":"https:\/\/essentialbeauty.hu\/hu\/wp-json\/wp\/v2\/media\/1432"}],"wp:attachment":[{"href":"https:\/\/essentialbeauty.hu\/hu\/wp-json\/wp\/v2\/media?parent=1421"}],"wp:term":[{"taxonomy":"product_brand","embeddable":true,"href":"https:\/\/essentialbeauty.hu\/hu\/wp-json\/wp\/v2\/product_brand?post=1421"},{"taxonomy":"product_cat","embeddable":true,"href":"https:\/\/essentialbeauty.hu\/hu\/wp-json\/wp\/v2\/product_cat?post=1421"},{"taxonomy":"product_tag","embeddable":true,"href":"https:\/\/essentialbeauty.hu\/hu\/wp-json\/wp\/v2\/product_tag?post=1421"}],"curies":[{"name":"wp","href":"https:\/\/api.w.org\/{rel}","templated":true}]}}