{"id":1445,"date":"2023-06-29T12:42:46","date_gmt":"2023-06-29T11:42:46","guid":{"rendered":"https:\/\/essentialbeauty.hu\/?post_type=product&#038;p=1445"},"modified":"2025-09-10T19:00:10","modified_gmt":"2025-09-10T18:00:10","slug":"concealer-korrektor-ecset","status":"publish","type":"product","link":"https:\/\/essentialbeauty.hu\/hu\/product\/concealer-korrektor-ecset\/","title":{"rendered":"Concealer &#8211; KORREKTOR ecset"},"content":{"rendered":"<p class=\"p1\"><span class=\"s1\">Ez az \u00fagynevezett concealer ecset, ajakatetov\u00e1l\u00e1sok eset\u00e9n kiv\u00e1l\u00f3an alkalmazhat\u00f3 a tervez\u00e9s sor\u00e1n a kont\u00farvonal \u00e9les\u00edt\u00e9s\u00e9re, tov\u00e1bb\u00e1 a szem\u00f6ld\u00f6k alatt a forma prec\u00edzi\u00f3s kiemel\u00e9s\u00e9re.<\/span><\/p>\n<p class=\"p1\"><span class=\"s1\">Rendk\u00edv\u00fcl pontos, \u00e9les ecset, mellyel t\u00f6k\u00e9letesen prec\u00edz kiemel\u00e9st v\u00e9gezhet\u00fcnk.<\/span><\/p>\n","protected":false},"excerpt":{"rendered":"<p>Ez az \u00fagynevezett concealer ecset, ajakatetov\u00e1l\u00e1sok eset\u00e9n kiv\u00e1l\u00f3an alkalmazhat\u00f3 a tervez\u00e9s sor\u00e1n a kont\u00farvonal \u00e9les\u00edt\u00e9s\u00e9re, tov\u00e1bb\u00e1 a szem\u00f6ld\u00f6k alatt a forma prec\u00edzi\u00f3s kiemel\u00e9s\u00e9re. Rendk\u00edv\u00fcl pontos, \u00e9les ecset, mellyel t\u00f6k\u00e9letesen prec\u00edz kiemel\u00e9st v\u00e9gezhet\u00fcnk.<\/p>\n","protected":false},"featured_media":1440,"comment_status":"closed","ping_status":"closed","template":"","meta":[],"product_brand":[],"product_cat":[79],"product_tag":[88,90,91,89],"class_list":{"0":"post-1445","1":"product","2":"type-product","3":"status-publish","4":"has-post-thumbnail","6":"product_cat-kiegeszitok-hu","7":"product_tag-brush","8":"product_tag-lippigmentation","9":"product_tag-permanentmakeup","10":"product_tag-pmu","12":"first","13":"instock","14":"taxable","15":"shipping-taxable","16":"purchasable","17":"product-type-simple"},"_links":{"self":[{"href":"https:\/\/essentialbeauty.hu\/hu\/wp-json\/wp\/v2\/product\/1445","targetHints":{"allow":["GET"]}}],"collection":[{"href":"https:\/\/essentialbeauty.hu\/hu\/wp-json\/wp\/v2\/product"}],"about":[{"href":"https:\/\/essentialbeauty.hu\/hu\/wp-json\/wp\/v2\/types\/product"}],"replies":[{"embeddable":true,"href":"https:\/\/essentialbeauty.hu\/hu\/wp-json\/wp\/v2\/comments?post=1445"}],"wp:featuredmedia":[{"embeddable":true,"href":"https:\/\/essentialbeauty.hu\/hu\/wp-json\/wp\/v2\/media\/1440"}],"wp:attachment":[{"href":"https:\/\/essentialbeauty.hu\/hu\/wp-json\/wp\/v2\/media?parent=1445"}],"wp:term":[{"taxonomy":"product_brand","embeddable":true,"href":"https:\/\/essentialbeauty.hu\/hu\/wp-json\/wp\/v2\/product_brand?post=1445"},{"taxonomy":"product_cat","embeddable":true,"href":"https:\/\/essentialbeauty.hu\/hu\/wp-json\/wp\/v2\/product_cat?post=1445"},{"taxonomy":"product_tag","embeddable":true,"href":"https:\/\/essentialbeauty.hu\/hu\/wp-json\/wp\/v2\/product_tag?post=1445"}],"curies":[{"name":"wp","href":"https:\/\/api.w.org\/{rel}","templated":true}]}}