{"id":1681,"date":"2023-10-24T10:29:10","date_gmt":"2023-10-24T09:29:10","guid":{"rendered":"https:\/\/essentialbeauty.hu\/?post_type=product&#038;p=1681"},"modified":"2024-04-01T18:26:32","modified_gmt":"2024-04-01T17:26:32","slug":"essenshade-light-neutral-cseppentos","status":"publish","type":"product","link":"https:\/\/essentialbeauty.hu\/hu\/product\/essenshade-light-neutral-cseppentos\/","title":{"rendered":"ESSENSHADE Light Neutral \/cseppent\u0151s\/"},"content":{"rendered":"<p><strong>LIGHT NEUTRAL<\/strong><br \/>\nEz a selymesen kr\u00e9mes \u00e1rnyalat vil\u00e1gos b\u0151r\u0171 vend\u00e9gek sz\u00e1m\u00e1ra ide\u00e1lis. T\u00f6k\u00e9letes v\u00e1laszt\u00e1s sz\u0151ke vagy \u00e9rettebb b\u0151r\u0171 vend\u00e9gekn\u00e9l p\u00faderes vagy sz\u00e1las hat\u00e1s el\u00e9r\u00e9s\u00e9hez. Alkalmazhat\u00f3 \u00f6nmag\u00e1ban, vagy m\u00e1s pigmentekhez keverve, a b\u0151rbe be\u00e9p\u00fclve is gy\u00f6ny\u00f6r\u0171 neutr\u00e1lis \u00e1rnyalat marad. Kiv\u00e1l\u00f3an \u00e1rnyalhat\u00f3 Medium Neutral \u00e9s Medium Warm t\u00f3nusokkal. Sz\u00e1las technik\u00e1n\u00e1l szint\u00e9n t\u00f6k\u00e9letes v\u00e1laszt\u00e1s a sz\u00e1lak v\u00e9g\u00e9nek elfinom\u00edt\u00e1s\u00e1hoz.<\/p>\n<p>Hibrid t\u00edpus\u00fa pigment, mely gy\u00f3gyult \u00e1llapotban 60-80%-ban marad meg a b\u0151rben.<\/p>\n<p>Nem javasolt m\u00e9lyre vinni a b\u0151rben ezeket a hibrid t\u00edpus\u00fa pigmenteket, sz\u00e1laz\u00e1sn\u00e1l tan\u00e1csos csak is gyorsabb, s\u00f6pr\u00f6get\u0151bb mozdulatokat, m\u00edg a sat\u00edr technik\u00e1n\u00e1l p\u00faderes mozdulatokat alkalmazni.<\/p>\n<div dir=\"auto\">\n<p>Az Essenshade sz\u00edneit rendk\u00edv\u00fcl gondosan v\u00e1logattam \u00f6ssze az alapj\u00e1n, ahogyan az \u00e9rz\u00e9seim \u00e9s tapasztalataim sugallt\u00e1k. V\u00e1laszt\u00e1somban az vezetett, hogy mely \u00e1rnyalatokra lenne legink\u00e1bb sz\u00fcks\u00e9ge a vend\u00e9geimnek \u00e9s a sminktetov\u00e1l\u00f3 koll\u00e9g\u00e1imnak. Fontos volt sz\u00e1momra, hogy a sz\u00ednek egyt\u0151l egyig olyanok legyenek, amikhez mindig sz\u00edvesen ny\u00falunk a sminktetov\u00e1l\u00e1s sor\u00e1n \u2013 gyakori haszn\u00e1latra terveztem \u0151ket, \u00f6r\u00f6kz\u00f6ld sz\u00ednekk\u00e9nt. Sz\u00edvb\u0151l \u00e9s \u00f3ri\u00e1si szeretettel adom \u00e1t Sz\u00e1motokra.<\/p>\n<p><strong>Minden Essenshade term\u00e9k:<\/strong><\/p>\n<\/div>\n<ul>\n<li>Kiv\u00e1l\u00f3 min\u0151s\u00e9g\u0171 alapanyagokb\u00f3l k\u00e9sz\u00fcl.<\/li>\n<li>Veg\u00e1n \u00e9s nem tesztelt\u00e9k \u00e1llatokon.<\/li>\n<li>Megfelel a legmagasabb eur\u00f3pai \u00e9s amerikai el\u0151\u00edr\u00e1soknak \u00e9s szabv\u00e1nyoknak.<\/li>\n<\/ul>\n<p>\u00d6sszetev\u0151k:<\/p>\n<p>Aqua<\/p>\n<p>Glycerin<\/p>\n<p>Methanol<\/p>\n<p>Hamamelis<\/p>\n<p>Virginiana leaf extract CI 11740<\/p>\n<p>CI 77891<\/p>\n<p>CI 77288<\/p>\n<p>CI 12475<\/p>\n<p>CI 77499<\/p>\n<p>&nbsp;<\/p>\n<p><strong>RECEPTEK:<\/strong><\/p>\n<p><strong>-SZ\u0150K\u00c9KNEK:<\/strong><\/p>\n<p>Sz\u00e1laz\u00e1shoz:<\/p>\n<p>Alapsz\u00e1lakra: Light Neutral+ Medium Warm<br \/>\nS\u00f6t\u00e9t\u00edt\u00e9shez volumenre: Medium Warm<br \/>\nSz\u00e1lv\u00e9gekre: Light Neutral<\/p>\n<p>P\u00faderez\u00e9shez:<\/p>\n<p>Light Neutral<br \/>\nLight Neutral+Medium Neutral<br \/>\nMedium Neutral<\/p>\n<p><strong>-BARN\u00c1KNAK:<\/strong><\/p>\n<p>Sz\u00e1laz\u00e1shoz:<\/p>\n<p>Alapsz\u00e1lakra: Medium warm<br \/>\nS\u00f6t\u00e9t\u00edt\u00e9shez volumenre: Medium\/Dark Neutral+ Medium Warm<br \/>\nSz\u00e1lv\u00e9gekre: Light Neutral<\/p>\n<p>P\u00faderez\u00e9shez:<\/p>\n<p>Medium Neutral<br \/>\nMedium Neutral+ Medium Warm<br \/>\nMedium Neutral+Medium\/Dark Neutral<br \/>\nMedium\/Dark Neutral+ Medium Warm<br \/>\nMedium\/Dark Neutral<\/p>\n<p><strong>S\u00d6T\u00c9T\/FEKETE BARN\u00c1KNAK:<\/strong><\/p>\n<p>Sz\u00e1laz\u00e1shoz:<\/p>\n<p>Alapsz\u00e1lakra: Medium\/Dark Neutral+ Medium Warm<br \/>\nS\u00f6t\u00e9t\u00edt\u00e9shez volumenre: Medium\/Dark Neutral<br \/>\nSz\u00e1lv\u00e9gekre: Light Neutral+Medium Neutral<\/p>\n<p>P\u00faderez\u00e9shez:<\/p>\n<p>Medium Neutral+Medium\/Dark Neutral<br \/>\nMedium\/Dark Neutral<br \/>\nMedium\/Dark Neutral+ Dark Neutral<br \/>\nDark Neutral+Medium Warm<\/p>\n<p>&nbsp;<\/p>\n<p><em><strong>Biztons\u00e1gi adatlap:<\/strong><\/em><\/p>\n<p><a href=\"https:\/\/essentialbeauty.hu\/wp-content\/uploads\/2023\/11\/EN-BL-Light-Neutral_ver.1.1-hu.pdf\">EN-BL-Light Neutral_ver.1.1 hu<\/a><\/p>\n<p>&nbsp;<\/p>\n","protected":false},"excerpt":{"rendered":"<p>Az \u00e1r nem tartalmazza az \u00c1FA-t.<\/p>\n<p>Kiszerel\u00e9s: 10 ml<\/p>\n","protected":false},"featured_media":1690,"comment_status":"closed","ping_status":"closed","template":"","meta":[],"product_brand":[],"product_cat":[95],"product_tag":[113,117,91,112],"class_list":{"0":"post-1681","1":"product","2":"type-product","3":"status-publish","4":"has-post-thumbnail","6":"product_cat-hibrid-pigmentek","7":"product_tag-brow-hu","8":"product_tag-brow-pigment-hu","9":"product_tag-permanentmakeup","10":"product_tag-pigments-hu","12":"first","13":"instock","14":"taxable","15":"shipping-taxable","16":"purchasable","17":"product-type-simple"},"_links":{"self":[{"href":"https:\/\/essentialbeauty.hu\/hu\/wp-json\/wp\/v2\/product\/1681","targetHints":{"allow":["GET"]}}],"collection":[{"href":"https:\/\/essentialbeauty.hu\/hu\/wp-json\/wp\/v2\/product"}],"about":[{"href":"https:\/\/essentialbeauty.hu\/hu\/wp-json\/wp\/v2\/types\/product"}],"replies":[{"embeddable":true,"href":"https:\/\/essentialbeauty.hu\/hu\/wp-json\/wp\/v2\/comments?post=1681"}],"wp:featuredmedia":[{"embeddable":true,"href":"https:\/\/essentialbeauty.hu\/hu\/wp-json\/wp\/v2\/media\/1690"}],"wp:attachment":[{"href":"https:\/\/essentialbeauty.hu\/hu\/wp-json\/wp\/v2\/media?parent=1681"}],"wp:term":[{"taxonomy":"product_brand","embeddable":true,"href":"https:\/\/essentialbeauty.hu\/hu\/wp-json\/wp\/v2\/product_brand?post=1681"},{"taxonomy":"product_cat","embeddable":true,"href":"https:\/\/essentialbeauty.hu\/hu\/wp-json\/wp\/v2\/product_cat?post=1681"},{"taxonomy":"product_tag","embeddable":true,"href":"https:\/\/essentialbeauty.hu\/hu\/wp-json\/wp\/v2\/product_tag?post=1681"}],"curies":[{"name":"wp","href":"https:\/\/api.w.org\/{rel}","templated":true}]}}