{"id":1708,"date":"2023-10-25T09:35:31","date_gmt":"2023-10-25T08:35:31","guid":{"rendered":"https:\/\/essentialbeauty.hu\/?post_type=product&#038;p=1708"},"modified":"2024-04-01T18:19:13","modified_gmt":"2024-04-01T17:19:13","slug":"essenshade-dark-neutral-cseppentos","status":"publish","type":"product","link":"https:\/\/essentialbeauty.hu\/hu\/product\/essenshade-dark-neutral-cseppentos\/","title":{"rendered":"ESSENSHADE Dark Neutral \/cseppent\u0151s\/"},"content":{"rendered":"<p><strong>DARK NEUTRAL<\/strong><\/p>\n<p>Melegebb alap t\u00f3nus\u00fa s\u00f6t\u00e9tbarna sz\u00edn, mely s\u00f6t\u00e9t haj\u00fa vend\u00e9gek sz\u00e1m\u00e1ra aj\u00e1nlott. P\u00faderes technik\u00e1ban alkalmazva sz\u00e9p semleges sz\u00ednre gy\u00f3gyul, j\u00f3l \u00e1rnyalhat\u00f3 az Essenshade kollekci\u00f3 b\u00e1rmely Medium t\u00f3nus\u00e1val. Sz\u00e1las technik\u00e1n\u00e1l haszn\u00e1lata \u00f6nmag\u00e1ban nem javasolt, a sz\u00e1lak er\u0151s\u00edt\u00e9s\u00e9hez Medium Warm sz\u00ednnel keverve alkalmas. Szemh\u00e9jtetov\u00e1l\u00e1s eset\u00e9n fekete sz\u00ednnel javasolt keverni.<\/p>\n<p>Hibrid t\u00edpus\u00fa pigment, mely gy\u00f3gyult \u00e1llapotban hossz\u00fa t\u00e1von, stabilan 60-80%-ban marad meg a b\u0151rben.<\/p>\n<p>Nem javasolt m\u00e9lyre vinni a b\u0151rben ezeket a hibrid t\u00edpus\u00fa pigmenteket, sz\u00e1laz\u00e1sn\u00e1l tan\u00e1csos csak is gyorsabb, s\u00f6pr\u00f6get\u0151bb mozdulatokat, m\u00edg a sat\u00edr technik\u00e1n\u00e1l p\u00faderes mozdulatokat alkalmazni.<\/p>\n<div dir=\"auto\">\n<p>Az Essenshade sz\u00edneit rendk\u00edv\u00fcl gondosan v\u00e1logattam \u00f6ssze az alapj\u00e1n, ahogyan az \u00e9rz\u00e9seim \u00e9s tapasztalataim sugallt\u00e1k. V\u00e1laszt\u00e1somban az vezetett, hogy mely \u00e1rnyalatokra lenne legink\u00e1bb sz\u00fcks\u00e9ge a vend\u00e9geimnek \u00e9s a sminktetov\u00e1l\u00f3 koll\u00e9g\u00e1imnak. Fontos volt sz\u00e1momra, hogy a sz\u00ednek egyt\u0151l egyig olyanok legyenek, amikhez mindig sz\u00edvesen ny\u00falunk a sminktetov\u00e1l\u00e1s sor\u00e1n \u2013 gyakori haszn\u00e1latra terveztem \u0151ket, \u00f6r\u00f6kz\u00f6ld sz\u00ednekk\u00e9nt. Sz\u00edvb\u0151l \u00e9s \u00f3ri\u00e1si szeretettel adom \u00e1t Sz\u00e1motokra.<\/p>\n<p>Minden Essenshade term\u00e9k:<\/p>\n<\/div>\n<ul>\n<li>Kiv\u00e1l\u00f3 min\u0151s\u00e9g\u0171 alapanyagokb\u00f3l k\u00e9sz\u00fcl.<\/li>\n<li>Veg\u00e1n \u00e9s nem tesztelt\u00e9k \u00e1llatokon.<\/li>\n<li>Megfelel a legmagasabb eur\u00f3pai \u00e9s amerikai el\u0151\u00edr\u00e1soknak \u00e9s szabv\u00e1nyoknak.<\/li>\n<\/ul>\n<p>\u00d6sszetev\u0151k:<\/p>\n<p>Aqua<\/p>\n<p>Glycerin<\/p>\n<p>Methanol<\/p>\n<p>Hamamelis<\/p>\n<p>Virginiana leaf extract<\/p>\n<p>CI 56110<\/p>\n<p>CI 12475<\/p>\n<p>CI 77288<\/p>\n<p>CI 77499<\/p>\n<p>&nbsp;<\/p>\n<p><strong>RECEPTEK:<\/strong><\/p>\n<p><strong>-SZ\u0150K\u00c9KNEK:<\/strong><\/p>\n<p>Sz\u00e1laz\u00e1shoz:<\/p>\n<p>Alapsz\u00e1lakra: Light Neutral+ Medium Warm<br \/>\nS\u00f6t\u00e9t\u00edt\u00e9shez volumenre: Medium Warm<br \/>\nSz\u00e1lv\u00e9gekre: Light Neutral<\/p>\n<p>P\u00faderez\u00e9shez:<\/p>\n<p>Light Neutral<br \/>\nLight Neutral+Medium Neutral<br \/>\nMedium Neutral<\/p>\n<p><strong>-BARN\u00c1KNAK:<\/strong><\/p>\n<p>Sz\u00e1laz\u00e1shoz:<\/p>\n<p>Alapsz\u00e1lakra: Medium warm<br \/>\nS\u00f6t\u00e9t\u00edt\u00e9shez volumenre: Medium\/Dark Neutral+ Medium Warm<br \/>\nSz\u00e1lv\u00e9gekre: Light Neutral<\/p>\n<p>P\u00faderez\u00e9shez:<\/p>\n<p>Medium Neutral<br \/>\nMedium Neutral+ Medium Warm<br \/>\nMedium Neutral+Medium\/Dark Neutral<br \/>\nMedium\/Dark Neutral+ Medium Warm<br \/>\nMedium\/Dark Neutral<\/p>\n<p><strong>S\u00d6T\u00c9T\/FEKETE BARN\u00c1KNAK:<\/strong><\/p>\n<p>Sz\u00e1laz\u00e1shoz:<\/p>\n<p>Alapsz\u00e1lakra: Medium\/Dark Neutral+ Medium Warm<br \/>\nS\u00f6t\u00e9t\u00edt\u00e9shez volumenre: Medium\/Dark Neutral<br \/>\nSz\u00e1lv\u00e9gekre: Light Neutral+Medium Neutral<\/p>\n<p>P\u00faderez\u00e9shez:<\/p>\n<p>Medium Neutral+Medium\/Dark Neutral<br \/>\nMedium\/Dark Neutral<br \/>\nMedium\/Dark Neutral+ Dark Neutral<br \/>\nDark Neutral+Medium Warm<\/p>\n<p>&nbsp;<\/p>\n<p><em><strong>Biztons\u00e1gi adatlap:<\/strong><\/em><\/p>\n<p><a href=\"https:\/\/essentialbeauty.hu\/wp-content\/uploads\/2023\/11\/EN-BL-Dark-Neutral_ver.1.1-hu.pdf\">EN-BL-Dark Neutral_ver.1.1 hu<\/a><\/p>\n<p><a href=\"https:\/\/essentialbeauty.hu\/wp-content\/uploads\/2023\/11\/EN-BL-Dark-Neutral_ver.1.2.pdf\">EN-BL-Dark Neutral_ver.1.2<\/a><\/p>\n<p>&nbsp;<\/p>\n","protected":false},"excerpt":{"rendered":"<p>Az \u00e1r nem tartalmazza az \u00c1FA-t.<\/p>\n<p>Kiszerel\u00e9s: 10 ml<\/p>\n","protected":false},"featured_media":1688,"comment_status":"closed","ping_status":"closed","template":"","meta":[],"product_brand":[],"product_cat":[95],"product_tag":[113,117,91,112,89],"class_list":{"0":"post-1708","1":"product","2":"type-product","3":"status-publish","4":"has-post-thumbnail","6":"product_cat-hibrid-pigmentek","7":"product_tag-brow-hu","8":"product_tag-brow-pigment-hu","9":"product_tag-permanentmakeup","10":"product_tag-pigments-hu","11":"product_tag-pmu","13":"first","14":"instock","15":"taxable","16":"shipping-taxable","17":"purchasable","18":"product-type-simple"},"_links":{"self":[{"href":"https:\/\/essentialbeauty.hu\/hu\/wp-json\/wp\/v2\/product\/1708","targetHints":{"allow":["GET"]}}],"collection":[{"href":"https:\/\/essentialbeauty.hu\/hu\/wp-json\/wp\/v2\/product"}],"about":[{"href":"https:\/\/essentialbeauty.hu\/hu\/wp-json\/wp\/v2\/types\/product"}],"replies":[{"embeddable":true,"href":"https:\/\/essentialbeauty.hu\/hu\/wp-json\/wp\/v2\/comments?post=1708"}],"wp:featuredmedia":[{"embeddable":true,"href":"https:\/\/essentialbeauty.hu\/hu\/wp-json\/wp\/v2\/media\/1688"}],"wp:attachment":[{"href":"https:\/\/essentialbeauty.hu\/hu\/wp-json\/wp\/v2\/media?parent=1708"}],"wp:term":[{"taxonomy":"product_brand","embeddable":true,"href":"https:\/\/essentialbeauty.hu\/hu\/wp-json\/wp\/v2\/product_brand?post=1708"},{"taxonomy":"product_cat","embeddable":true,"href":"https:\/\/essentialbeauty.hu\/hu\/wp-json\/wp\/v2\/product_cat?post=1708"},{"taxonomy":"product_tag","embeddable":true,"href":"https:\/\/essentialbeauty.hu\/hu\/wp-json\/wp\/v2\/product_tag?post=1708"}],"curies":[{"name":"wp","href":"https:\/\/api.w.org\/{rel}","templated":true}]}}