{"id":2300,"date":"2024-06-13T13:45:12","date_gmt":"2024-06-13T12:45:12","guid":{"rendered":"https:\/\/essentialbeauty.hu\/?post_type=product&#038;p=2300"},"modified":"2025-02-19T14:46:16","modified_gmt":"2025-02-19T13:46:16","slug":"essenshade-orange","status":"publish","type":"product","link":"https:\/\/essentialbeauty.hu\/hu\/product\/essenshade-orange\/","title":{"rendered":"Essenshade Organic Orange"},"content":{"rendered":"<div dir=\"auto\">\n<p class=\"p1\" style=\"text-align: center\"><span class=\"s1\">Korrekci\u00f3s sz\u00edn, hibrid pigment, amely a nem k\u00edv\u00e1nt hideg \u00e1rnyalatra gy\u00f3gyult sminktetov\u00e1l\u00e1sok neutraliz\u00e1l\u00e1s\u00e1ra\/ meleg\u00edt\u00e9s\u00e9re alkalmazand\u00f3. Sz\u00fcrk\u00e9s, k\u00e9kes szem\u00f6ld\u00f6ksz\u00ednek k\u00f6z\u00f6mb\u00f6s\u00edt\u00e9s\u00e9re kiv\u00e1l\u00f3.<\/span><\/p>\n<p class=\"p1\"><span class=\"s1\">A szem\u00f6ld\u00f6ksz\u00ednekkel, valamint a feket\u00e9vel keverve azokat meleg\u00edti. <\/span><\/p>\n<p class=\"p1\"><span class=\"s1\">Neutraliz\u00e1l\u00e1sn\u00e1l 2 r\u00e9tegben \u00e9rdemes a sz\u00fcrk\u00e9s\/k\u00e9kes ter\u00fcletet megdolgozni, majd azut\u00e1n a k\u00edv\u00e1nt MELEG szem\u00f6ld\u00f6ksz\u00ednnel meghinteni 1-2 r\u00e9tegben a ter\u00fcletet.<\/span><\/p>\n<p class=\"p1\"><span class=\"s1\">Ajaktetov\u00e1l\u00e1sra NEM alkalmazhat\u00f3!<\/span><\/p>\n<p>Minden Essenshade term\u00e9k:<\/p>\n<\/div>\n<ul>\n<li>Kiv\u00e1l\u00f3 min\u0151s\u00e9g\u0171 alapanyagokb\u00f3l k\u00e9sz\u00fcl.<\/li>\n<li>Veg\u00e1n \u00e9s nem tesztelt\u00e9k \u00e1llatokon.<\/li>\n<li>Megfelel a legmagasabb eur\u00f3pai \u00e9s amerikai el\u0151\u00edr\u00e1soknak \u00e9s szabv\u00e1nyoknak.<\/li>\n<\/ul>\n<p>&nbsp;<\/p>\n<p class=\"p1\"><span class=\"s1\">\u00d6sszetev\u0151k:<br \/>\n\u2022aqua<\/span><\/p>\n<p class=\"p1\"><span class=\"s1\">\u2022Ethanol<\/span><\/p>\n<p class=\"p1\"><span class=\"s1\">\u2022Glycerin<\/span><\/p>\n<p class=\"p1\"><span class=\"s1\">Yellow 139 (CI 56298)<\/span><\/p>\n<p class=\"p1\"><span class=\"s1\">\u2022Red 254 (CI 56110)<\/span><\/p>\n<p>Calcium Sodium Phosposilicate<\/p>\n<p>PVP<\/p>\n<p>Soy Lecithin<\/p>\n<p>Biztons\u00e1gi adatlap:<\/p>\n<p><a href=\"https:\/\/essentialbeauty.hu\/wp-content\/uploads\/2024\/06\/ESSENTIAL-BEAUTY-KFT-MSDS-ORANGE.pdf\">ESSENTIAL BEAUTY KFT MSDS ORANGE<\/a><\/p>\n<p>&nbsp;<\/p>\n","protected":false},"excerpt":{"rendered":"<p>Az \u00e1r nem tartalmazza az \u00c1FA-t.<\/p>\n<p>Kiszerel\u00e9s: 10 ml<\/p>\n","protected":false},"featured_media":2353,"comment_status":"closed","ping_status":"closed","template":"","meta":[],"product_brand":[],"product_cat":[102,104],"product_tag":[],"class_list":{"0":"post-2300","1":"product","2":"type-product","3":"status-publish","4":"has-post-thumbnail","6":"product_cat-korrekcios-szinek","7":"product_cat-mineralokkal-jol-keverheto-texturaju","9":"first","10":"instock","11":"taxable","12":"shipping-taxable","13":"purchasable","14":"product-type-simple"},"_links":{"self":[{"href":"https:\/\/essentialbeauty.hu\/hu\/wp-json\/wp\/v2\/product\/2300","targetHints":{"allow":["GET"]}}],"collection":[{"href":"https:\/\/essentialbeauty.hu\/hu\/wp-json\/wp\/v2\/product"}],"about":[{"href":"https:\/\/essentialbeauty.hu\/hu\/wp-json\/wp\/v2\/types\/product"}],"replies":[{"embeddable":true,"href":"https:\/\/essentialbeauty.hu\/hu\/wp-json\/wp\/v2\/comments?post=2300"}],"wp:featuredmedia":[{"embeddable":true,"href":"https:\/\/essentialbeauty.hu\/hu\/wp-json\/wp\/v2\/media\/2353"}],"wp:attachment":[{"href":"https:\/\/essentialbeauty.hu\/hu\/wp-json\/wp\/v2\/media?parent=2300"}],"wp:term":[{"taxonomy":"product_brand","embeddable":true,"href":"https:\/\/essentialbeauty.hu\/hu\/wp-json\/wp\/v2\/product_brand?post=2300"},{"taxonomy":"product_cat","embeddable":true,"href":"https:\/\/essentialbeauty.hu\/hu\/wp-json\/wp\/v2\/product_cat?post=2300"},{"taxonomy":"product_tag","embeddable":true,"href":"https:\/\/essentialbeauty.hu\/hu\/wp-json\/wp\/v2\/product_tag?post=2300"}],"curies":[{"name":"wp","href":"https:\/\/api.w.org\/{rel}","templated":true}]}}