{"id":2325,"date":"2024-06-27T14:07:18","date_gmt":"2024-06-27T13:07:18","guid":{"rendered":"https:\/\/essentialbeauty.hu\/?post_type=product&#038;p=2325"},"modified":"2024-08-01T14:35:27","modified_gmt":"2024-08-01T13:35:27","slug":"essential-care-tisztito-hab","status":"publish","type":"product","link":"https:\/\/essentialbeauty.hu\/hu\/product\/essential-care-tisztito-hab\/","title":{"rendered":"Essential Care Tiszt\u00edt\u00f3 Hab (50 ml)"},"content":{"rendered":"<p class=\"p1\"><span class=\"s1\">T\u00f6k\u00e9letes tiszt\u00edt\u00f3 hab, mely mindenki sz\u00e1m\u00e1ra n\u00e9lk\u00fcl\u00f6zhetetlen a h\u00e9tk\u00f6znapokban, illetve szakemberk\u00e9nt a munk\u00e1nkhoz. <\/span><\/p>\n<p class=\"p1\"><span class=\"s1\">Tiszt\u00edt\u00f3 habunk marad\u00e9ktalanul t\u00e1vol\u00edtja el a szennyez\u0151d\u00e9seket an\u00e9lk\u00fcl, hogy a b\u0151rt f\u00f6l\u00f6sleges irrit\u00e1ci\u00f3nak tenn\u00e9nk ki. Alkalmas h\u00e9tk\u00f6znapi haszn\u00e1latra, a napi szennyez\u0151d\u00e9sek elt\u00e1vol\u00edt\u00e1s\u00e1ra, smink elt\u00e1vol\u00edt\u00e1s\u00e1ra, ezen k\u00edv\u00fcl munka k\u00f6zben is alkalmazhatjuk, hiszen az alkalmazott pigmentet is t\u00f6k\u00e9letesen, egy mozdulattal elt\u00e1vol\u00edtja. Hat\u00f3anyagai kiz\u00e1r\u00f3lag term\u00e9szetes \u00f6sszetev\u0151kb\u0151l, n\u00f6v\u00e9nyi kivonatokb\u00f3l \u00e9p\u00fcl fel.<\/span><\/p>\n<p>&nbsp;<\/p>\n<p>\u00d6sszetev\u0151k:<\/p>\n<p>Aqua, Glycerin,<br \/>\nLeuconostroc\/radish root ferment filtrate,<br \/>\nDecyl glucoside,<br \/>\nCocamidopropyl betaine<br \/>\nGlyceryl Caprylate and phenethyl alcohol<\/p>\n","protected":false},"excerpt":{"rendered":"<p>Az \u00e1r nem tartalmazza az \u00c1FA-t.<\/p>\n<p>Kiszerel\u00e9s: 50 ml<\/p>\n","protected":false},"featured_media":2384,"comment_status":"closed","ping_status":"closed","template":"","meta":[],"product_brand":[],"product_cat":[100],"product_tag":[99,89],"class_list":{"0":"post-2325","1":"product","2":"type-product","3":"status-publish","4":"has-post-thumbnail","6":"product_cat-essential-care","7":"product_tag-cleansing-foam","8":"product_tag-pmu","10":"first","11":"instock","12":"taxable","13":"shipping-taxable","14":"purchasable","15":"product-type-simple"},"_links":{"self":[{"href":"https:\/\/essentialbeauty.hu\/hu\/wp-json\/wp\/v2\/product\/2325","targetHints":{"allow":["GET"]}}],"collection":[{"href":"https:\/\/essentialbeauty.hu\/hu\/wp-json\/wp\/v2\/product"}],"about":[{"href":"https:\/\/essentialbeauty.hu\/hu\/wp-json\/wp\/v2\/types\/product"}],"replies":[{"embeddable":true,"href":"https:\/\/essentialbeauty.hu\/hu\/wp-json\/wp\/v2\/comments?post=2325"}],"wp:featuredmedia":[{"embeddable":true,"href":"https:\/\/essentialbeauty.hu\/hu\/wp-json\/wp\/v2\/media\/2384"}],"wp:attachment":[{"href":"https:\/\/essentialbeauty.hu\/hu\/wp-json\/wp\/v2\/media?parent=2325"}],"wp:term":[{"taxonomy":"product_brand","embeddable":true,"href":"https:\/\/essentialbeauty.hu\/hu\/wp-json\/wp\/v2\/product_brand?post=2325"},{"taxonomy":"product_cat","embeddable":true,"href":"https:\/\/essentialbeauty.hu\/hu\/wp-json\/wp\/v2\/product_cat?post=2325"},{"taxonomy":"product_tag","embeddable":true,"href":"https:\/\/essentialbeauty.hu\/hu\/wp-json\/wp\/v2\/product_tag?post=2325"}],"curies":[{"name":"wp","href":"https:\/\/api.w.org\/{rel}","templated":true}]}}