{"id":918,"date":"2023-03-15T21:34:03","date_gmt":"2023-03-15T20:34:03","guid":{"rendered":"http:\/\/essentialbeauty.dmmbsolutions.com\/?post_type=product&#038;p=918"},"modified":"2024-02-06T16:14:00","modified_gmt":"2024-02-06T15:14:00","slug":"artyst-1-nano-n2","status":"publish","type":"product","link":"https:\/\/essentialbeauty.hu\/hu\/product\/artyst-1-nano-n2\/","title":{"rendered":"ARTYST 1-Nano (N2)"},"content":{"rendered":"<blockquote><p>&nbsp;<\/p>\n<p><strong>Artyst H1 g\u00e9phez<\/strong><\/p>\n<p>T\u00f6k\u00e9letes t\u0171 a t\u00f6k\u00e9letes g\u00e9phez, maxim\u00e1lis biztons\u00e1g \u00e9s megb\u00edzhat\u00f3s\u00e1g. Minden t\u0171patronunk biztons\u00e1gi membr\u00e1nnal van felszerelve, hogy megakad\u00e1lyozza a sz\u00ednek \u00e9s a testnedvek visszafoly\u00e1s\u00e1t a g\u00e9pbe \u00e9s az ezzel j\u00e1r\u00f3 keresztszennyez\u0151d\u00e9s elker\u00fcl\u00e9se alapvet\u0151 saj\u00e1ts\u00e1g legyen.<\/p><\/blockquote>\n<ol>\n<li>Ide\u00e1lis pigmentfelsz\u00edv\u00e1s \u00e9s eloszlat\u00e1s<\/li>\n<li>\u00c1ll\u00edthat\u00f3 pigmentkibocs\u00e1t\u00e1s<\/li>\n<li>Kimagasl\u00f3 gy\u00f3gyult eredm\u00e9nyek<\/li>\n<li>\u00daj higi\u00e9niai szabadalom<\/li>\n<\/ol>\n<p><strong>Artyst H1 g\u00e9phez<\/strong><\/p>\n<p>Tipus: 1P \u00a0nano<\/p>\n<p>10 db t\u0171 \/ doboz<\/p>\n","protected":false},"excerpt":{"rendered":"<p>Az \u00e1r nem tartalmazza az \u00c1FA-t.<\/p>\n<p>Az Artyst \u2122 1-Nano t\u0171modul val\u00f3di biztons\u00e1got, stabilit\u00e1st \u00e9s precizit\u00e1st ny\u00fajt, hogy a vil\u00e1g sminktetov\u00e1l\u00f3i k\u00e9nyelmesen \u00e9s kisz\u00e1m\u00edthat\u00f3an szabadj\u00e1ra engedhess\u00e9k kreativit\u00e1sukat. Az Artyst t\u0171modulok mindegyik\u00e9t profi sminktetov\u00e1l\u00f3k csapata fejlesztette ki, hogy minden ig\u00e9nyt t\u00f6k\u00e9letesen kiel\u00e9g\u00edthessen.<\/p>\n","protected":false},"featured_media":331,"comment_status":"closed","ping_status":"closed","template":"","meta":[],"product_brand":[],"product_cat":[79],"product_tag":[114],"class_list":{"0":"post-918","1":"product","2":"type-product","3":"status-publish","4":"has-post-thumbnail","6":"product_cat-kiegeszitok-hu","7":"product_tag-module-hu","9":"first","10":"instock","11":"taxable","12":"shipping-taxable","13":"purchasable","14":"product-type-simple"},"_links":{"self":[{"href":"https:\/\/essentialbeauty.hu\/hu\/wp-json\/wp\/v2\/product\/918","targetHints":{"allow":["GET"]}}],"collection":[{"href":"https:\/\/essentialbeauty.hu\/hu\/wp-json\/wp\/v2\/product"}],"about":[{"href":"https:\/\/essentialbeauty.hu\/hu\/wp-json\/wp\/v2\/types\/product"}],"replies":[{"embeddable":true,"href":"https:\/\/essentialbeauty.hu\/hu\/wp-json\/wp\/v2\/comments?post=918"}],"wp:featuredmedia":[{"embeddable":true,"href":"https:\/\/essentialbeauty.hu\/hu\/wp-json\/wp\/v2\/media\/331"}],"wp:attachment":[{"href":"https:\/\/essentialbeauty.hu\/hu\/wp-json\/wp\/v2\/media?parent=918"}],"wp:term":[{"taxonomy":"product_brand","embeddable":true,"href":"https:\/\/essentialbeauty.hu\/hu\/wp-json\/wp\/v2\/product_brand?post=918"},{"taxonomy":"product_cat","embeddable":true,"href":"https:\/\/essentialbeauty.hu\/hu\/wp-json\/wp\/v2\/product_cat?post=918"},{"taxonomy":"product_tag","embeddable":true,"href":"https:\/\/essentialbeauty.hu\/hu\/wp-json\/wp\/v2\/product_tag?post=918"}],"curies":[{"name":"wp","href":"https:\/\/api.w.org\/{rel}","templated":true}]}}