{"id":923,"date":"2023-03-15T21:34:03","date_gmt":"2023-03-15T20:34:03","guid":{"rendered":"http:\/\/essentialbeauty.dmmbsolutions.com\/?post_type=product&#038;p=923"},"modified":"2023-04-18T17:54:04","modified_gmt":"2023-04-18T17:54:04","slug":"artyst-h2-power-babe","status":"publish","type":"product","link":"https:\/\/essentialbeauty.hu\/hu\/product\/artyst-h2-power-babe\/","title":{"rendered":"Artyst \u2122 H2 Power Babe"},"content":{"rendered":"<p>Fedezze fel a forradalmat: A PMU ergon\u00f3mia x megfelel a tetov\u00e1l\u00e1s erej\u00e9nek!<\/p>\n<p>Minim\u00e1lis vibr\u00e1ci\u00f3 a legmagasabb tetov\u00e1l\u00f3er\u0151vel \u00e9s k\u00f6lts\u00e9ghat\u00e9kony t\u0171patronokkal kombin\u00e1lva!<\/p>\n<p>Az artyst \u2122 \u00e9s a CHEYENNE szakembereink \u00f6sszefogva l\u00e9trehoztak egy szuper alacsony rezg\u00e9s\u0171, m\u00e9gis er\u0151teljes, 3,5 mm-es l\u00f6kethossz\u00fa ergon\u00f3miai g\u00e9pet azoknak a m\u0171v\u00e9szeknek, akik tudj\u00e1k, hogyan kell kezelni egy nagy teljes\u00edtm\u00e9ny\u0171 eszk\u00f6zt, \u00e9s szerett\u00e9k volna, ha a lehet\u0151 legkevesebb \u00f6sszeget k\u00f6lten\u00e9k t\u0171kre. Ez a napi fut\u00f3 a gyors \u00e9s megb\u00edzhat\u00f3 eszk\u00f6z, amelyet keresett. Sima, de k\u00f6vetkezetes \u00fczem\u0171 motorja a legnagyobb biztons\u00e1ggal \u00e9s a legnagyobb pontoss\u00e1ggal, kevesebb id\u0151 alatt csod\u00e1kra k\u00e9pes.<\/p>\n<p>A PowerBabe univerz\u00e1lis tetov\u00e1l\u00f3patron dokkol\u00f3 rendszerrel k\u00e9sz\u00fclt, \u00edgy kompatibilis a piac legt\u00f6bb t\u0171j\u00e9vel, bele\u00e9rtve a klasszikus CHEYENNE tetov\u00e1l\u00f3 t\u0171ket is. Elhozzuk az \u00faj artyst \u2122 by CHEYENNE PMU t\u0171patronokat is. Kifejezetten az \u00d6n ig\u00e9nyeinek kiel\u00e9g\u00edt\u00e9s\u00e9re fejlesztett\u00e9k ki, \u00e9s t\u00f6k\u00e9letesen illeszkednek m\u00e1s eszk\u00f6z\u00f6kbe. Mit jelent? T\u00f6bb rugalmass\u00e1g \u00e9s kevesebb k\u00f6lts\u00e9g!<\/p>\n<p>Ez az \u00faj gener\u00e1ci\u00f3s PMU g\u00e9p nemcsak maxim\u00e1lis er\u0151t \u00e9s szabads\u00e1got k\u00edn\u00e1l a t\u0171v\u00e1laszt\u00e1sban, hanem maxim\u00e1lis csendet is k\u00edn\u00e1l! V\u00e1rj, mi? Igen, j\u00f3l hallottad. A PowerBabe az egyik legcsendesebb g\u00e9p a piacon. Alig fogja \u00e9rezni, hogy rezeg a var\u00e1zslat l\u00e9trehoz\u00e1sa k\u00f6zben!<\/p>\n","protected":false},"excerpt":{"rendered":"<p>Az \u00e1r nem tartalmazza az \u00c1FA-t.<\/p>\n<p>Jellemz\u0151k:<br \/>\nNagy teljes\u00edtm\u00e9ny\u0171 g\u00e9p (kezd\u0151knek nem aj\u00e1nlott)<br \/>\nL\u00f6kethossz: 3,5 mm (tetov\u00e1l\u00f3 g\u00e9pk\u00e9nt)<br \/>\nAzonnali sz\u00ednbe\u00fcltet\u00e9s + pontoss\u00e1g<br \/>\nUniverz\u00e1lis tetov\u00e1l\u00f3 dokkol\u00f3 rendszer &#8211; az artyst \u2122 by CHEYENNE \u00e9s CHEYENNE t\u0171kh\u00f6z, valamint a legt\u00f6bb t\u0171patronhoz az iparban<br \/>\n\u00c1ll\u00edthat\u00f3 t\u0171hossz (fordulat)<br \/>\nOptimaliz\u00e1lt b\u0151r behatol\u00e1s a minimaliz\u00e1lt trauma, nagy sz\u00ednmegtart\u00e1s \u00e9s r\u00f6vid gy\u00f3gyul\u00e1si peri\u00f3dus \u00e9rdek\u00e9ben<br \/>\nOptimaliz\u00e1lt sz\u00edn\u00e1raml\u00e1s<br \/>\nErgonomikus, k\u00f6nny\u0171 kialak\u00edt\u00e1s az optim\u00e1lis k\u00e9nyelem\u00e9rt \u00e9s a csukl\u00f3\u00edz\u00fclet minim\u00e1lis f\u00e1radts\u00e1g\u00e1\u00e9rt<br \/>\nAlacsony vibr\u00e1ci\u00f3 k\u00edm\u00e9li a csukl\u00f3 \u00edz\u00fcleteit, \u00e9s seg\u00edthet cs\u00f6kkenteni a betegs\u00e9geket, mint a carpalis alagutat<\/p>\n<p>&nbsp;<\/p>\n<p>Kompatibilis az Artyst Power Unittal (***k\u00fcl\u00f6n megv\u00e1s\u00e1rolhat\u00f3)<\/p>\n","protected":false},"featured_media":381,"comment_status":"closed","ping_status":"closed","template":"","meta":[],"product_brand":[],"product_cat":[80],"product_tag":[],"class_list":{"0":"post-923","1":"product","2":"type-product","3":"status-publish","4":"has-post-thumbnail","6":"product_cat-artyst_tetovalogepek","8":"first","9":"instock","10":"taxable","11":"shipping-taxable","12":"purchasable","13":"product-type-simple"},"_links":{"self":[{"href":"https:\/\/essentialbeauty.hu\/hu\/wp-json\/wp\/v2\/product\/923","targetHints":{"allow":["GET"]}}],"collection":[{"href":"https:\/\/essentialbeauty.hu\/hu\/wp-json\/wp\/v2\/product"}],"about":[{"href":"https:\/\/essentialbeauty.hu\/hu\/wp-json\/wp\/v2\/types\/product"}],"replies":[{"embeddable":true,"href":"https:\/\/essentialbeauty.hu\/hu\/wp-json\/wp\/v2\/comments?post=923"}],"wp:featuredmedia":[{"embeddable":true,"href":"https:\/\/essentialbeauty.hu\/hu\/wp-json\/wp\/v2\/media\/381"}],"wp:attachment":[{"href":"https:\/\/essentialbeauty.hu\/hu\/wp-json\/wp\/v2\/media?parent=923"}],"wp:term":[{"taxonomy":"product_brand","embeddable":true,"href":"https:\/\/essentialbeauty.hu\/hu\/wp-json\/wp\/v2\/product_brand?post=923"},{"taxonomy":"product_cat","embeddable":true,"href":"https:\/\/essentialbeauty.hu\/hu\/wp-json\/wp\/v2\/product_cat?post=923"},{"taxonomy":"product_tag","embeddable":true,"href":"https:\/\/essentialbeauty.hu\/hu\/wp-json\/wp\/v2\/product_tag?post=923"}],"curies":[{"name":"wp","href":"https:\/\/api.w.org\/{rel}","templated":true}]}}