{"id":926,"date":"2023-03-15T21:34:03","date_gmt":"2023-03-15T20:34:03","guid":{"rendered":"http:\/\/essentialbeauty.dmmbsolutions.com\/?post_type=product&#038;p=926"},"modified":"2026-03-03T14:23:34","modified_gmt":"2026-03-03T13:23:34","slug":"artyst-univerzalis-tu-1-nano-n2-025-cpt","status":"publish","type":"product","link":"https:\/\/essentialbeauty.hu\/hu\/product\/artyst-univerzalis-tu-1-nano-n2-025-cpt\/","title":{"rendered":"ARTYST Univerz\u00e1lis t\u0171 1-Nano (N2) 0,25 CPT"},"content":{"rendered":"<div dir=\"auto\">\n<p>Magas min\u0151s\u00e9g\u0171 \u00e9s nagy megb\u00edzhat\u00f3s\u00e1g\u00fa t\u0171, kimagasl\u00f3 variabilit\u00e1ssal.<\/p>\n<p>Az Artyst\u2122 Universal 1 nano\/0,25 t\u0171 kiv\u00e1l\u00f3 b\u00e1rmilyen, ak\u00e1r rendk\u00edv\u00fcli precizit\u00e1st ig\u00e9nyl\u0151 technik\u00e1khoz is. A vonatkoz\u00f3 biztons\u00e1gi \u00e9s sterilit\u00e1si felt\u00e9teleknek megfelel.<\/p>\n<\/div>\n<ol type=\"1\">\n<li>Ide\u00e1lis pigmentfelsz\u00edv\u00e1s \u00e9s eloszlat\u00e1s<\/li>\n<li>\u00c1ll\u00edthat\u00f3 pigmentkibocs\u00e1t\u00e1s<\/li>\n<li>Kimagasl\u00f3 gy\u00f3gyult eredm\u00e9nyek<\/li>\n<li>\u00daj higi\u00e9niai szabadalom<\/li>\n<\/ol>\n<p>A t\u0171 az Artyst H2 Powerbabe tetov\u00e1l\u00f3g\u00e9ppel kompatibilis.<\/p>\n","protected":false},"excerpt":{"rendered":"<p>Az \u00e1r nem tartalmazza az \u00c1FA-t.<\/p>\n<p>Kiszerel\u00e9s: 20 darab\/doboz<\/p>\n","protected":false},"featured_media":543,"comment_status":"closed","ping_status":"closed","template":"","meta":[],"product_brand":[],"product_cat":[79],"product_tag":[114],"class_list":{"0":"post-926","1":"product","2":"type-product","3":"status-publish","4":"has-post-thumbnail","6":"product_cat-kiegeszitok-hu","7":"product_tag-module-hu","9":"first","10":"instock","11":"taxable","12":"shipping-taxable","13":"purchasable","14":"product-type-simple"},"_links":{"self":[{"href":"https:\/\/essentialbeauty.hu\/hu\/wp-json\/wp\/v2\/product\/926","targetHints":{"allow":["GET"]}}],"collection":[{"href":"https:\/\/essentialbeauty.hu\/hu\/wp-json\/wp\/v2\/product"}],"about":[{"href":"https:\/\/essentialbeauty.hu\/hu\/wp-json\/wp\/v2\/types\/product"}],"replies":[{"embeddable":true,"href":"https:\/\/essentialbeauty.hu\/hu\/wp-json\/wp\/v2\/comments?post=926"}],"wp:featuredmedia":[{"embeddable":true,"href":"https:\/\/essentialbeauty.hu\/hu\/wp-json\/wp\/v2\/media\/543"}],"wp:attachment":[{"href":"https:\/\/essentialbeauty.hu\/hu\/wp-json\/wp\/v2\/media?parent=926"}],"wp:term":[{"taxonomy":"product_brand","embeddable":true,"href":"https:\/\/essentialbeauty.hu\/hu\/wp-json\/wp\/v2\/product_brand?post=926"},{"taxonomy":"product_cat","embeddable":true,"href":"https:\/\/essentialbeauty.hu\/hu\/wp-json\/wp\/v2\/product_cat?post=926"},{"taxonomy":"product_tag","embeddable":true,"href":"https:\/\/essentialbeauty.hu\/hu\/wp-json\/wp\/v2\/product_tag?post=926"}],"curies":[{"name":"wp","href":"https:\/\/api.w.org\/{rel}","templated":true}]}}