{"id":936,"date":"2023-03-04T22:55:06","date_gmt":"2023-03-04T21:55:06","guid":{"rendered":"http:\/\/essentialbeauty.dmmbsolutions.com\/?post_type=product&#038;p=936"},"modified":"2026-03-15T20:41:49","modified_gmt":"2026-03-15T19:41:49","slug":"coral-i-bmn","status":"publish","type":"product","link":"https:\/\/essentialbeauty.hu\/hu\/product\/coral-i-bmn\/","title":{"rendered":"Coral I. (B,M,N)"},"content":{"rendered":"<p>A CORAL I egy intenz\u00edv narancs sz\u00edn, amely \u00f6nmag\u00e1ban is gy\u00f6ny\u00f6r\u0171, de m\u00e1s sz\u00ednekhez keverve azok \u00e9l\u00e9nkebb, melegebb \u00e1rnyalattal gazdagodnak. Ezen t\u00fal kiv\u00e1l\u00f3n lehet vele s\u00f6t\u00e9tebben pigment\u00e1lt, hidegebb, lil\u00e1s t\u00f3nus\u00fa ajaksz\u00ednt k\u00f6z\u00f6mb\u00f6s\u00edteni, rendk\u00edv\u00fcl er\u0151s ajak neutraliz\u00e1l\u00f3.<\/p>\n<p>Az Essenshade sz\u00edneit rendk\u00edv\u00fcl gondosan v\u00e1logattam \u00f6ssze az alapj\u00e1n, ahogyan az \u00e9rz\u00e9seim \u00e9s tapasztalataim sugallt\u00e1k. V\u00e1laszt\u00e1somban az vezetett, hogy mely \u00e1rnyalatokra lenne legink\u00e1bb sz\u00fcks\u00e9ge a vend\u00e9geimnek \u00e9s a sminktetov\u00e1l\u00f3 koll\u00e9g\u00e1imnak. Fontos volt sz\u00e1momra, hogy a sz\u00ednek egyt\u0151l egyig olyanok legyenek, amikhez mindig sz\u00edvesen ny\u00falunk a sminktetov\u00e1l\u00e1s sor\u00e1n &#8211; gyakori haszn\u00e1latra terveztem \u0151ket, \u00f6r\u00f6kz\u00f6ld sz\u00ednekk\u00e9nt. Sz\u00edvb\u0151l \u00e9s \u00f3ri\u00e1si szeretettel adom \u00e1t Sz\u00e1motokra.<\/p>\n<p><strong>FONTOS!<\/strong> Haszn\u00e1lat el\u0151tt 30 m\u00e1sodpercig felr\u00e1zand\u00f3!<\/p>\n<p>Minden Essenshade ajakpigment szerves \u00e9s szervetlen pigmentek hibrid kever\u00e9ke.<br \/>\nEssenhade fest\u00e9keinket praktikus, l\u00e9gmentes \u00fcvegcs\u00e9be csomagoltuk, amely lehet\u0151v\u00e9 teszi, hogy az eg\u00e9szet fel lehessen haszn\u00e1lni, egy csepp se vesszen k\u00e1rba.<br \/>\nMinden Essenshade term\u00e9k:<br \/>\nEur\u00f3p\u00e1ban, kiv\u00e1l\u00f3 min\u0151s\u00e9g\u0171 alapanyagokb\u00f3l k\u00e9sz\u00fcl.<br \/>\nVeg\u00e1n \u00e9s nem tesztelt\u00e9k \u00e1llatokon.<br \/>\nMegfelel a legmagasabb eur\u00f3pai \u00e9s amerikai el\u0151\u00edr\u00e1soknak \u00e9s szabv\u00e1nyoknak.<\/p>\n<p>AJAK RECEPTEK:<\/p>\n<p class=\"p1\"><span class=\"s1\">Nude <\/span><\/p>\n<p class=\"p1\"><span class=\"s1\">-Virgin 3 + virgin 2, (2:1) m\u00e1lyv\u00e1s nude<\/span><\/p>\n<p class=\"p1\"><span class=\"s1\">-Virgin 3 + rosey 2, (1:1) r\u00f3zsasz\u00ednes nude<\/span><\/p>\n<p class=\"p1\"><span class=\"s1\">-Virgin 1 + virgin 2, (2:1) barackos p\u00faderes nude<\/span><\/p>\n<p class=\"p1\"><span class=\"s1\">-Virgin 2 + virgin 1 (2:1) h\u00fassz\u00edn nude<\/span><\/p>\n<p class=\"p1\"><span class=\"s1\">-Virgin 3+ rosey 1 (1:1) barackos, r\u00f3zsasz\u00ednes nude<\/span><\/p>\n<p>&nbsp;<\/p>\n<p class=\"p1\"><span class=\"s1\">R\u00f3zsasz\u00edn<\/span><\/p>\n<p class=\"p1\"><span class=\"s1\">-Rosey 2 + halo (1-2 cs halo) hideg p\u00faderes<span class=\"Apple-converted-space\">\u00a0 <\/span>babar\u00f3zsasz\u00edn<\/span><\/p>\n<p class=\"p1\"><span class=\"s1\">-Rosey 1 + rosey 2, (2:1) meleg r\u00f3zsasz\u00edn<\/span><\/p>\n<p class=\"p1\"><span class=\"s1\">-Rosey 2 + elegance 2, (1:1) tel\u00edtett m\u00e1ln\u00e1s\u00a0<\/span>hideg r\u00f3zsasz\u00edn<\/p>\n<p class=\"p1\"><span class=\"s1\">&#8211; Elegance 2 + rosey 2 (1:1) er\u0151sebb levendula sz\u00edn<\/span><\/p>\n<p class=\"p1\"><span class=\"s1\">&#8211; Elegance 2 + virgin 3 (1:1) l\u00e1gyabb levendula sz\u00edn<\/span><\/p>\n<p>&nbsp;<\/p>\n<p class=\"p1\"><span class=\"s1\">Sz\u00e1jsz\u00edn<\/span><\/p>\n<p class=\"p1\"><span class=\"s1\">-Elegance 1 + virgin 2, (2:1) meleg, barn\u00e1s sz\u00e1jsz\u00edn<\/span><\/p>\n<p class=\"p1\"><span class=\"s1\">-Elegance 1 + virgin 3, (1:1) h\u00fassz\u00edn, sz\u00e1j sz\u00edn<\/span><\/p>\n<p class=\"p1\"><span class=\"s1\">-Elegance 2 + virgin 1, (2:1) m\u00e1lyv\u00e1s p\u00fader sz\u00edn<\/span><\/p>\n<p>&nbsp;<\/p>\n<p class=\"p1\"><span class=\"s1\">Barack, korall <\/span><\/p>\n<p class=\"p1\"><span class=\"s1\">-Coral 2 + coral 1 (1-2 cs coral 1) nagyon \u00e9l\u00e9nk, meleg, korall<\/span><\/p>\n<p class=\"p1\"><span class=\"s1\">-Virgin 1 + coral 1, (1-2 cs coral 1) \u00fcde, r\u00f3zsasz\u00ednes, barack<\/span><\/p>\n<p class=\"p1\"><span class=\"s1\">-Virgin 1 + coral 2 (2:1) er\u0151sebb korall sz\u00edn<\/span><\/p>\n<p class=\"p1\"><span class=\"s1\">-Coral 2 + virgin 1 (2:1) l\u00e1gyabb korall sz\u00edn<\/span><\/p>\n<p>&nbsp;<\/p>\n<p class=\"p1\"><span class=\"s1\">Piros<\/span><\/p>\n<p class=\"p1\"><span class=\"s1\">-Elegance 1 + coral 1 (1-2 csepp coral 1)<span class=\"Apple-converted-space\">\u00a0 <\/span>\u00e9l\u00e9nk piros<\/span><\/p>\n<p>&nbsp;<\/p>\n<p>&nbsp;<\/p>\n<p><em><strong>Biztons\u00e1gi adatlap:<\/strong><\/em><\/p>\n<pre><\/pre>\n<p class=\"s3\"><span class=\"s4\"><br \/>\n\u00d6sszetev\u0151k\/Ingredients:<\/span><\/p>\n<p class=\"s3\"><span class=\"s4\">C.I. 20067 (Red 242), Propylene Glycol, C.I. 77891 (Titanium Oxide), Aqua, Alcohol, PVP, Glycerin, Ricin Oil, Polysorbate 20, Magnesium Aluminium Silicate, Aloe Barbadensis, Hamamelis Virginiana. \u00a0<\/span><\/p>\n","protected":false},"excerpt":{"rendered":"<p>Pigment-kever\u00e9k tetov\u00e1l\u00e1shoz vagy tart\u00f3s sminkhez. Professzion\u00e1lis haszn\u00e1latra. Steril. Nikkelt\/ kr\u00f3mot tartalmaz. Allergi\u00e1s reakci\u00f3t okozhat.<\/p>\n<p>Az \u00e1r nem tartalmazza az \u00c1FA-t.<\/p>\n<p>Kiszerel\u00e9s: 10 ml<\/p>\n<p class=\"s3\"><span class=\"s4\">Gy\u00e1rt\u00f3\/Produced by<\/span><\/p>\n<p class=\"s3\"><span class=\"s4\">ESSENTIAL BEAUTY KFT<\/span><\/p>\n<p class=\"s3\"><span class=\"s4\">Deak Ferenc Utca 21 1\/1<\/span><\/p>\n<p class=\"s3\"><span class=\"s4\">1052 Budapest Hungary<\/span><\/p>\n","protected":false},"featured_media":75,"comment_status":"closed","ping_status":"closed","template":"","meta":[],"product_brand":[],"product_cat":[83],"product_tag":[111,112],"class_list":{"0":"post-936","1":"product","2":"type-product","3":"status-publish","4":"has-post-thumbnail","6":"product_cat-szaj-pigmentek","7":"product_tag-lips-hu","8":"product_tag-pigments-hu","10":"first","11":"instock","12":"taxable","13":"shipping-taxable","14":"purchasable","15":"product-type-simple"},"_links":{"self":[{"href":"https:\/\/essentialbeauty.hu\/hu\/wp-json\/wp\/v2\/product\/936","targetHints":{"allow":["GET"]}}],"collection":[{"href":"https:\/\/essentialbeauty.hu\/hu\/wp-json\/wp\/v2\/product"}],"about":[{"href":"https:\/\/essentialbeauty.hu\/hu\/wp-json\/wp\/v2\/types\/product"}],"replies":[{"embeddable":true,"href":"https:\/\/essentialbeauty.hu\/hu\/wp-json\/wp\/v2\/comments?post=936"}],"wp:featuredmedia":[{"embeddable":true,"href":"https:\/\/essentialbeauty.hu\/hu\/wp-json\/wp\/v2\/media\/75"}],"wp:attachment":[{"href":"https:\/\/essentialbeauty.hu\/hu\/wp-json\/wp\/v2\/media?parent=936"}],"wp:term":[{"taxonomy":"product_brand","embeddable":true,"href":"https:\/\/essentialbeauty.hu\/hu\/wp-json\/wp\/v2\/product_brand?post=936"},{"taxonomy":"product_cat","embeddable":true,"href":"https:\/\/essentialbeauty.hu\/hu\/wp-json\/wp\/v2\/product_cat?post=936"},{"taxonomy":"product_tag","embeddable":true,"href":"https:\/\/essentialbeauty.hu\/hu\/wp-json\/wp\/v2\/product_tag?post=936"}],"curies":[{"name":"wp","href":"https:\/\/api.w.org\/{rel}","templated":true}]}}