{"id":960,"date":"2023-03-15T21:33:13","date_gmt":"2023-03-15T20:33:13","guid":{"rendered":"http:\/\/essentialbeauty.dmmbsolutions.com\/?post_type=product&#038;p=960"},"modified":"2024-07-11T12:05:32","modified_gmt":"2024-07-11T11:05:32","slug":"essential-care-apolo-balzsam-5g","status":"publish","type":"product","link":"https:\/\/essentialbeauty.hu\/hu\/product\/essential-care-apolo-balzsam-5g\/","title":{"rendered":"Essential Care \u00e1pol\u00f3 balzsam (5g)"},"content":{"rendered":"<div class=\"page\" title=\"Page 1\">\n<div class=\"section\">\n<div class=\"layoutArea\">\n<div class=\"column\">\n<p>Essential Care sminktetov\u00e1l\u00e1s ut\u00e1ni \u00e1pol\u00f3 balzsam<\/p>\n<p>Az Essential Care sminktetov\u00e1l\u00e1s ut\u00e1ni \u00e1pol\u00f3 balzsam c\u00e9lzottan a sminktetov\u00e1l\u00e1sok sikeres gy\u00f3gyul\u00e1s\u00e1nak el\u0151seg\u00edt\u00e9s\u00e9re, a pigmentmegmarad\u00e1s maximaliz\u00e1l\u00e1s\u00e1ra \u00e9s a b\u0151r integrit\u00e1s\u00e1nak helyre\u00e1ll\u00edt\u00e1s\u00e1ra lett kifejlesztve. Egyedileg v\u00e1logatott \u00f6sszetev\u0151inek k\u00f6sz\u00f6nhet\u0151en a sebgy\u00f3gyul\u00e1si folyamat kontroll\u00e1ltan, teljesk\u00f6r\u0171 \u00e1pol\u00e1ssal \u00e9s v\u00e9delemmel mehet v\u00e9gbe. Az Essential Care \u00e1pol\u00f3 kr\u00e9m egy term\u00e9kben nyugtatja \u00e9s t\u00e1pl\u00e1lja a b\u0151rt, fert\u0151tlen\u00edt, cs\u00f6kkenti a gyullad\u00e1st \u00e9s a f\u00e1jdalmat, v\u00e9d a kisz\u00e1rad\u00e1st\u00f3l, ez\u00e1ltal megfelel\u0151 k\u00f6zeget teremt az egyenletes \u00e9s zavartalan sebgy\u00f3gyul\u00e1shoz. F\u0151 \u00f6sszetev\u0151i k\u00f6z\u00f6tt szerepel a\u00a0\u00a0b\u00fazacs\u00edra olaj, mely t\u00e1pl\u00e1lja \u00e9s v\u00e9di a b\u0151rt. A sebgy\u00f3gyul\u00e1si folyamatok megfelel\u0151 \u00e9s zavartalan lezajl\u00e1s\u00e1t a k\u00f6r\u00f6mvir\u00e1g olaj \u00e9s a cickafark biztos\u00edtja. Fert\u0151tlen\u00edt\u0151 hat\u00e1sa a k\u00f6r\u00f6mvir\u00e1g olajnak \u00e9s a t\u00f6mj\u00e9nnek k\u00f6sz\u00f6nhet\u0151, vadlevendula ill\u00f3olaj tartalma pedig a kezdeti f\u00e1jdalom csillap\u00edt\u00e1s\u00e1\u00e9rt felel, h\u0171s\u00edt\u0151 hat\u00e1s\u00e1val kellemes \u00e9rz\u00e9st biztos\u00edt a kezelt fel\u00fcleten. A varasod\u00e1s folyam\u00e1n jelentkez\u0151 viszket\u0151 \u00e9rz\u00e9st a kr\u00e9m shea vaj \u00e9s kaka\u00f3vaj tartalma enyh\u00edti az\u00e1ltal, hogy vissza\u00e1ll\u00edtja a b\u0151r puhas\u00e1g\u00e1t \u00e9s cs\u00f6kkenti az irrit\u00e1ci\u00f3t &#8211; nem utols\u00f3 sorban pedig antioxid\u00e1ns hat\u00e1s\u00fa is.<\/p>\n<p>Az Essential Care sminktetov\u00e1l\u00e1s ut\u00e1ni \u00e1pol\u00f3 balzsam el\u0151nyei:<\/p>\n<p>\u2022 100%-ban term\u00e9szetes anyagokb\u00f3l k\u00e9sz\u00fclt<br \/>\n\u2022 k\u00edm\u00e9letes gondoskod\u00e1st ny\u00fajt, kifejezetten a dermopigment\u00e1ci\u00f3val kezelt b\u0151r ig\u00e9nyei szerint<br \/>\n\u2022 er\u0151s\u00edti a b\u0151r term\u00e9szetes v\u00e9d\u0151r\u00e9teg\u00e9t<br \/>\n\u2022 el\u0151seg\u00edti a zavartalan regener\u00e1ci\u00f3t<br \/>\n\u2022 fert\u0151tlen\u00edt<br \/>\n\u2022 nyugtatja \u00e9s h\u0171s\u00edti a kezelt fel\u00fcletet<br \/>\n\u2022 cs\u00f6kkenti a viszket\u0151 \u00e9rz\u00e9st<br \/>\n\u2022 t\u00e1pl\u00e1l\u00f3<br \/>\n\u2022 megteremti a t\u00f6k\u00e9letes sebgy\u00f3gyul\u00e1shoz, \u00edgy a pigmentmegmarad\u00e1shoz sz\u00fcks\u00e9ges k\u00f6zeget<br \/>\n\u2022 hozz\u00e1j\u00e1rul a csod\u00e1latos gy\u00f3gyult eredm\u00e9nyek el\u00e9r\u00e9s\u00e9hez<\/p>\n<p>Akt\u00edv \u00f6sszetev\u0151k: k\u00f6r\u00f6mvir\u00e1g olaj, b\u00fazacs\u00edra olaj, shea vaj, kaka\u00f3vaj, vadlevendula ill\u00f3olaj, orvosi levendula, t\u00f6mj\u00e9n, cickafark.<\/p>\n<p>\u00d6sszetev\u0151k:<br \/>\nCera Flava, Calendula officinalis extract, Triticum vulgare Bran exract, Cocos nucifera extract, Theobroma cacaoseed butter, Butyrospermum parkii butter, Lavandula spica flower oil, Bosvellia carterii essential oil, Tocopherol, Achillea millefolium<\/p>\n<\/div>\n<\/div>\n<\/div>\n<\/div>\n","protected":false},"excerpt":{"rendered":"<p>Az \u00e1r nem tartalmazza az \u00c1FA-t.<\/p>\n","protected":false},"featured_media":349,"comment_status":"closed","ping_status":"closed","template":"","meta":[],"product_brand":[],"product_cat":[100],"product_tag":[],"class_list":{"0":"post-960","1":"product","2":"type-product","3":"status-publish","4":"has-post-thumbnail","6":"product_cat-essential-care","8":"first","9":"instock","10":"taxable","11":"shipping-taxable","12":"purchasable","13":"product-type-simple"},"_links":{"self":[{"href":"https:\/\/essentialbeauty.hu\/hu\/wp-json\/wp\/v2\/product\/960","targetHints":{"allow":["GET"]}}],"collection":[{"href":"https:\/\/essentialbeauty.hu\/hu\/wp-json\/wp\/v2\/product"}],"about":[{"href":"https:\/\/essentialbeauty.hu\/hu\/wp-json\/wp\/v2\/types\/product"}],"replies":[{"embeddable":true,"href":"https:\/\/essentialbeauty.hu\/hu\/wp-json\/wp\/v2\/comments?post=960"}],"wp:featuredmedia":[{"embeddable":true,"href":"https:\/\/essentialbeauty.hu\/hu\/wp-json\/wp\/v2\/media\/349"}],"wp:attachment":[{"href":"https:\/\/essentialbeauty.hu\/hu\/wp-json\/wp\/v2\/media?parent=960"}],"wp:term":[{"taxonomy":"product_brand","embeddable":true,"href":"https:\/\/essentialbeauty.hu\/hu\/wp-json\/wp\/v2\/product_brand?post=960"},{"taxonomy":"product_cat","embeddable":true,"href":"https:\/\/essentialbeauty.hu\/hu\/wp-json\/wp\/v2\/product_cat?post=960"},{"taxonomy":"product_tag","embeddable":true,"href":"https:\/\/essentialbeauty.hu\/hu\/wp-json\/wp\/v2\/product_tag?post=960"}],"curies":[{"name":"wp","href":"https:\/\/api.w.org\/{rel}","templated":true}]}}