{"id":962,"date":"2023-03-15T21:34:04","date_gmt":"2023-03-15T20:34:04","guid":{"rendered":"http:\/\/essentialbeauty.dmmbsolutions.com\/?post_type=product&#038;p=962"},"modified":"2024-08-01T14:36:39","modified_gmt":"2024-08-01T13:36:39","slug":"essential-care-lemoso-krem-sminktetovalashoz-200-ml","status":"publish","type":"product","link":"https:\/\/essentialbeauty.hu\/hu\/product\/essential-care-lemoso-krem-sminktetovalashoz-200-ml\/","title":{"rendered":"Essential Care lemos\u00f3 kr\u00e9m sminktetov\u00e1l\u00e1shoz (200 ml)"},"content":{"rendered":"<div class=\"page\" title=\"Page 1\">\n<div class=\"section\">\n<div class=\"layoutArea\">\n<div class=\"column\">\n<p>Az Essential Care lemos\u00f3 kr\u00e9m \u00fagy lett kifejlesztve, hogy munka k\u00f6zben marad\u00e9ktalanul \u00e9s gyorsan t\u00e1vol\u00edtsa el a felesleges pigmentet, ezzel megk\u00f6nny\u00edtve munk\u00e1nkat. Emellett t\u00f6k\u00e9letesen elt\u00e1vol\u00edtja a sminket \u00e9s egy\u00e9b szennyez\u0151d\u00e9seket megfelel\u0151en el\u0151k\u00e9sz\u00edtve ezzel a b\u0151rt a munk\u00e1nkhoz.<br \/>\nF\u0151 \u00f6sszetev\u0151i k\u00f6z\u00f6tt szerepel a Ricinus olaj \u00e9s a glicerin, melyek nemcsak hogy kiv\u00e1l\u00f3an tiszt\u00edtj\u00e1k a b\u0151rt, de t\u00e1pl\u00e1lj\u00e1k, hidrat\u00e1lj\u00e1k \u00e9s seg\u00edtenek a b\u0151r nedvess\u00e9g\u00e9nek meg\u0151rz\u00e9s\u00e9ben.<\/p>\n<p>Az Essential Care sminktetov\u00e1l\u00e1s ut\u00e1ni \u00e1pol\u00f3 kr\u00e9m el\u0151nyei:<\/p>\n<p>\u2022 100%-ban term\u00e9szetes anyagokb\u00f3l k\u00e9sz\u00fclt<br \/>\n\u2022 K\u00edm\u00e9letesen, gyorsan \u00e9s t\u00f6k\u00e9letesen tiszt\u00edtja a b\u0151rt munka k\u00f6zben \u00e9s k\u00e9sz\u00edti el\u0151 a b\u0151rt munka el\u0151tt<br \/>\n\u2022 Tiszt\u00edt\u00f3 hat\u00e1sa mellett hidrat\u00e1lja, puh\u00edtja a b\u0151rt<\/p>\n<p>\u00d6sszetev\u0151k:<br \/>\nAqua, Ricinus communis seed oil, Helianthus annuus seed oil, glycerin, Theobroma cacao seed butter, Methyl glicose sesquistearate, Cetyl alcohol, Lactic acid, Benzyl Alcohol, Benzoic acid, Sorbic acid<\/p>\n<\/div>\n<\/div>\n<\/div>\n<\/div>\n","protected":false},"excerpt":{"rendered":"<p>Az \u00e1r nem tartalmazza az \u00c1FA-t.<\/p>\n<p>Az Essential Care sminktetova\u0301la\u0301s uta\u0301ni a\u0301polo\u0301 kre\u0301m ce\u0301lzottan a sminktetova\u0301la\u0301sok sikeres gyo\u0301gyula\u0301sa\u0301nak elo\u030bsegi\u0301te\u0301se\u0301re, a pigmentmegmarada\u0301s maximaliza\u0301la\u0301sa\u0301ra e\u0301s a bo\u030br integrita\u0301sa\u0301nak helyrea\u0301lli\u0301ta\u0301sa\u0301ra lett kifejlesztve.<\/p>\n","protected":false},"featured_media":2376,"comment_status":"closed","ping_status":"closed","template":"","meta":[],"product_brand":[],"product_cat":[100],"product_tag":[],"class_list":{"0":"post-962","1":"product","2":"type-product","3":"status-publish","4":"has-post-thumbnail","6":"product_cat-essential-care","8":"first","9":"instock","10":"taxable","11":"shipping-taxable","12":"purchasable","13":"product-type-simple"},"_links":{"self":[{"href":"https:\/\/essentialbeauty.hu\/hu\/wp-json\/wp\/v2\/product\/962","targetHints":{"allow":["GET"]}}],"collection":[{"href":"https:\/\/essentialbeauty.hu\/hu\/wp-json\/wp\/v2\/product"}],"about":[{"href":"https:\/\/essentialbeauty.hu\/hu\/wp-json\/wp\/v2\/types\/product"}],"replies":[{"embeddable":true,"href":"https:\/\/essentialbeauty.hu\/hu\/wp-json\/wp\/v2\/comments?post=962"}],"wp:featuredmedia":[{"embeddable":true,"href":"https:\/\/essentialbeauty.hu\/hu\/wp-json\/wp\/v2\/media\/2376"}],"wp:attachment":[{"href":"https:\/\/essentialbeauty.hu\/hu\/wp-json\/wp\/v2\/media?parent=962"}],"wp:term":[{"taxonomy":"product_brand","embeddable":true,"href":"https:\/\/essentialbeauty.hu\/hu\/wp-json\/wp\/v2\/product_brand?post=962"},{"taxonomy":"product_cat","embeddable":true,"href":"https:\/\/essentialbeauty.hu\/hu\/wp-json\/wp\/v2\/product_cat?post=962"},{"taxonomy":"product_tag","embeddable":true,"href":"https:\/\/essentialbeauty.hu\/hu\/wp-json\/wp\/v2\/product_tag?post=962"}],"curies":[{"name":"wp","href":"https:\/\/api.w.org\/{rel}","templated":true}]}}