{"id":964,"date":"2023-03-15T21:34:03","date_gmt":"2023-03-15T20:34:03","guid":{"rendered":"http:\/\/essentialbeauty.dmmbsolutions.com\/?post_type=product&#038;p=964"},"modified":"2025-02-10T18:38:43","modified_gmt":"2025-02-10T17:38:43","slug":"essential-evoke-sminktetovalo-keziegyseg","status":"publish","type":"product","link":"https:\/\/essentialbeauty.hu\/hu\/product\/essential-evoke-sminktetovalo-keziegyseg\/","title":{"rendered":"Essential Evoke sminktetov\u00e1l\u00f3 k\u00e9ziegys\u00e9g"},"content":{"rendered":"<p>Az Essential Evoke az \u00e9n \u00faj kis szerelmem a k\u00e1bel n\u00e9lk\u00fcli sminktetov\u00e1l\u00f3g\u00e9pek vil\u00e1g\u00e1ban. K\u00e1belmentes kivitelez\u00e9se rendk\u00edv\u00fcl megk\u00f6nny\u00edti, illetve gyors\u00edtja a munkafolyamatot.<br \/>\nVibr\u00e1ci\u00f3mentes, halk \u00e9s nagyon prec\u00edz g\u00e9p, \u00edgy az alkot\u00e1s vele igazi \u00e9lm\u00e9ny.<br \/>\nUniverz\u00e1lis t\u0171 modulok alkalmazhat\u00f3k hozz\u00e1, \u00edgy a vil\u00e1gon minden ig\u00e9nyt kiel\u00e9g\u00edt\u0151 t\u0171 csoport beleilleszthet\u0151.<br \/>\nEleg\u00e1ns, ergonomikus, gy\u00f6ny\u00f6r\u0171 g\u00e9p, keskeny tervez\u00e9s\u0171, \u00edgy k\u00e9nyelmesen \u00e9s k\u00f6nnyed\u00e9n lehet vele sminktetov\u00e1lni.<br \/>\nEr\u0151s g\u00e9p, de m\u00e9gis puha vele a munka, prec\u00edz sz\u00e1lakra, de gy\u00f6ny\u00f6r\u0171 pixeles \u00e1rnyal\u00e1sokra is els\u0151 oszt\u00e1ly\u00fa.<br \/>\nLCD kijelz\u0151je mutatja az akkumul\u00e1tor t\u00f6lt\u00f6tts\u00e9gi szintj\u00e9t, amely k\u00f6r\u00fclbel\u00fcl 5 \u00f3ra hossz\u00fa munk\u00e1ra elegend\u0151. A g\u00e9phez 2 darab akkumul\u00e1tor j\u00e1r, \u00edgy munka k\u00f6zben k\u00f6nnyed\u00e9n cser\u00e9lhet\u0151.<br \/>\nAz Essential Evoke b\u00e1rmely ter\u00fcletre, b\u0151rt\u00edpusra \u00e9s technik\u00e1ra t\u00f6k\u00e9letesen alkalmazhat\u00f3. Egyenletesen \u00e9s megb\u00edzhat\u00f3an juttatja a pigmentet a b\u0151rbe azt nem traumatiz\u00e1lva.<\/p>\n<p>Mott\u00f3: A pr\u00e9mium az alap!<\/p>\n<p>Term\u00e9k azonos\u00edt\u00f3: Tetov\u00e1l\u00e1s &amp; Sminktetov\u00e1l\u00e1s<br \/>\nAnyag: Alum\u00ednium<br \/>\nSz\u00edn: Fekete<br \/>\nHossz: 164 mm<br \/>\nMarkolat \u00e1tm\u00e9r\u0151: 20 mm<br \/>\nS\u00faly: 92 gr<br \/>\nT\u0171 l\u00f6kethossz: 2.2 mm<br \/>\nT\u0171 m\u00e9lys\u00e9g: 0 &#8211; 3.2 mm<br \/>\nT\u0171 t\u00edpusa: univerz\u00e1lis modul rendszer<br \/>\nMotor t\u00edpusa: sz\u00e9nkef\u00e9s motor<br \/>\nAkkumul\u00e1tor kapacit\u00e1s: 600mAh<br \/>\n\u00dczemi fesz\u00fclts\u00e9g: 5.0V + 9.0V<br \/>\nInd\u00edt\u00f3 fesz\u00fclts\u00e9g: 7.0 V<br \/>\nT\u00f6lt\u0151 csatlakoz\u00f3: Type-C<\/p>\n<p>A csomag tartalmaz:<br \/>\nG\u00e9p x 1<br \/>\nTartal\u00e9k akkumul\u00e1tor x 1<br \/>\nKezel\u00e9si \u00fatmutat\u00f3 x 1<br \/>\nType-C k\u00e1bel x 1<br \/>\nT\u00e1pegys\u00e9g x 1<\/p>\n<p>Akkumul\u00e1tor felt\u00f6lt\u00e9si id\u0151: 1.5-2 \u00f3ra<br \/>\nAkkumul\u00e1tor haszn\u00e1lati id\u0151: 4-5 \u00f3ra<\/p>\n<p><img loading=\"lazy\" decoding=\"async\" class=\"alignnone size-large wp-image-7367\" src=\"https:\/\/essentialbeauty.hu\/wp-content\/uploads\/2022\/08\/Image-17-1920x1301.jpeg\" alt=\"\" width=\"1920\" height=\"1301\" \/><\/p>\n","protected":false},"excerpt":{"rendered":"<p>Az \u00e1r nem tartalmazza az \u00c1FA-t.<\/p>\n<p>Az Essential Evoke az \u00e9n \u00faj kis szerelmem a k\u00e1bel n\u00e9lk\u00fcli sminktetov\u00e1l\u00f3g\u00e9pek vil\u00e1g\u00e1ban!<\/p>\n","protected":false},"featured_media":507,"comment_status":"closed","ping_status":"closed","template":"","meta":[],"product_brand":[],"product_cat":[80],"product_tag":[],"class_list":{"0":"post-964","1":"product","2":"type-product","3":"status-publish","4":"has-post-thumbnail","6":"product_cat-artyst_tetovalogepek","8":"first","9":"instock","10":"taxable","11":"shipping-taxable","12":"purchasable","13":"product-type-simple"},"_links":{"self":[{"href":"https:\/\/essentialbeauty.hu\/hu\/wp-json\/wp\/v2\/product\/964","targetHints":{"allow":["GET"]}}],"collection":[{"href":"https:\/\/essentialbeauty.hu\/hu\/wp-json\/wp\/v2\/product"}],"about":[{"href":"https:\/\/essentialbeauty.hu\/hu\/wp-json\/wp\/v2\/types\/product"}],"replies":[{"embeddable":true,"href":"https:\/\/essentialbeauty.hu\/hu\/wp-json\/wp\/v2\/comments?post=964"}],"wp:featuredmedia":[{"embeddable":true,"href":"https:\/\/essentialbeauty.hu\/hu\/wp-json\/wp\/v2\/media\/507"}],"wp:attachment":[{"href":"https:\/\/essentialbeauty.hu\/hu\/wp-json\/wp\/v2\/media?parent=964"}],"wp:term":[{"taxonomy":"product_brand","embeddable":true,"href":"https:\/\/essentialbeauty.hu\/hu\/wp-json\/wp\/v2\/product_brand?post=964"},{"taxonomy":"product_cat","embeddable":true,"href":"https:\/\/essentialbeauty.hu\/hu\/wp-json\/wp\/v2\/product_cat?post=964"},{"taxonomy":"product_tag","embeddable":true,"href":"https:\/\/essentialbeauty.hu\/hu\/wp-json\/wp\/v2\/product_tag?post=964"}],"curies":[{"name":"wp","href":"https:\/\/api.w.org\/{rel}","templated":true}]}}