{"id":977,"date":"2023-03-15T21:33:46","date_gmt":"2023-03-15T20:33:46","guid":{"rendered":"http:\/\/essentialbeauty.dmmbsolutions.com\/?post_type=product&#038;p=977"},"modified":"2025-07-14T19:20:53","modified_gmt":"2025-07-14T18:20:53","slug":"virgin-ii-base","status":"publish","type":"product","link":"https:\/\/essentialbeauty.hu\/hu\/product\/virgin-ii-base\/","title":{"rendered":"Virgin II. (Base)"},"content":{"rendered":"<p>A VIRGIN II egy p\u00faderes b\u00e9zs\/kaka\u00f3 sz\u00edn, mely csak egy leheletnyi fed\u00e9st ad az ajkaknak. Vil\u00e1gos b\u0151r\u0171 vend\u00e9geknek kifejezetten j\u00f3l \u00e1ll, szepl\u0151s vend\u00e9gekn\u00e9l el\u0151szeretettel alkalmazzuk. M\u00e1s sz\u00ednekhez keverve pedig kellemesen l\u00e1gy\u00edtja azok sz\u00edn\u00e9t.<\/p>\n<p>Az Essenshade sz\u00edneit rendk\u00edv\u00fcl gondosan v\u00e1logattam \u00f6ssze az alapj\u00e1n, ahogyan az \u00e9rz\u00e9seim \u00e9s tapasztalataim sugallt\u00e1k. V\u00e1laszt\u00e1somban az vezetett, hogy mely \u00e1rnyalatokra lenne legink\u00e1bb sz\u00fcks\u00e9ge a vend\u00e9geimnek \u00e9s a sminktetov\u00e1l\u00f3 koll\u00e9g\u00e1imnak. Fontos volt sz\u00e1momra, hogy a sz\u00ednek egyt\u0151l egyig olyanok legyenek, amikhez mindig sz\u00edvesen ny\u00falunk a sminktetov\u00e1l\u00e1s sor\u00e1n &#8211; gyakori haszn\u00e1latra terveztem \u0151ket, \u00f6r\u00f6kz\u00f6ld sz\u00ednekk\u00e9nt. Sz\u00edvb\u0151l \u00e9s \u00f3ri\u00e1si szeretettel adom \u00e1t Sz\u00e1motokra.<\/p>\n<p><strong>FONTOS!<\/strong> Haszn\u00e1lat el\u0151tt 30 m\u00e1sodpercig felr\u00e1zand\u00f3!<\/p>\n<p>Minden Essenshade ajakpigment szerves \u00e9s szervetlen pigmentek hibrid kever\u00e9ke.<br \/>\nEssenhade fest\u00e9keinket praktikus, l\u00e9gmentes \u00fcvegcs\u00e9be csomagoltuk, amely lehet\u0151v\u00e9 teszi, hogy az eg\u00e9szet fel lehessen haszn\u00e1lni, egy csepp se vesszen k\u00e1rba.<br \/>\nMinden Essenshade term\u00e9k:<br \/>\nEur\u00f3p\u00e1ban, kiv\u00e1l\u00f3 min\u0151s\u00e9g\u0171 alapanyagokb\u00f3l k\u00e9sz\u00fcl.<br \/>\nVeg\u00e1n \u00e9s nem tesztelt\u00e9k \u00e1llatokon.<br \/>\nMegfelel a legmagasabb eur\u00f3pai \u00e9s amerikai el\u0151\u00edr\u00e1soknak \u00e9s szabv\u00e1nyoknak.<\/p>\n<p>AJAK RECEPTEK<\/p>\n<p class=\"_04xlpA direction-ltr align-center para-style-title\"><span class=\"WdYUQQ text-decoration-none text-strikethrough-none\">NUDE<\/span><\/p>\n<p class=\"_04xlpA direction-ltr align-center para-style-title\"><span class=\"WdYUQQ text-decoration-none text-strikethrough-none\">-VIRGIN 3 + VIRGIN 2, (2:1) M\u00c1LYV\u00c1S NUDE<\/span><\/p>\n<p class=\"_04xlpA direction-ltr align-center para-style-title\"><span class=\"WdYUQQ text-decoration-none text-strikethrough-none\">-VIRGIN 3 + ROSEY 2, (1:1) R\u00d3ZSASZ\u00cdNES NUDE<\/span><\/p>\n<p class=\"_04xlpA direction-ltr align-center para-style-title\"><span class=\"WdYUQQ text-decoration-none text-strikethrough-none\">-VIRGIN 1 + VIRGIN 2, (2:1) BARACKOS P\u00daDERES NUDE<\/span><\/p>\n<p class=\"_04xlpA direction-ltr align-center para-style-title\"><span class=\"WdYUQQ text-decoration-none text-strikethrough-none\">-VIRGIN 2 + VIRGIN 1 (2:1) H\u00daSSZ\u00cdN NUDE<\/span><\/p>\n<p class=\"_04xlpA direction-ltr align-center para-style-title\"><span class=\"WdYUQQ text-decoration-none text-strikethrough-none\">-VIRGIN 3+ ROSEY 1 (1:1) BARACKOS, R\u00d3ZSASZ\u00cdNES NUDE<\/span><\/p>\n<p class=\"_04xlpA direction-ltr align-center para-style-title\"><span class=\"WdYUQQ text-decoration-none text-strikethrough-none\">R\u00d3ZSASZ\u00cdN<\/span><\/p>\n<p class=\"_04xlpA direction-ltr align-center para-style-title\"><span class=\"WdYUQQ text-decoration-none text-strikethrough-none\">-ROSEY 2 + HALO (1-2 CS HALO) HIDEG P\u00daDERES<\/span> <span class=\"WdYUQQ text-decoration-none text-strikethrough-none\">BABAR\u00d3ZSASZ\u00cdN<\/span><\/p>\n<p class=\"_04xlpA direction-ltr align-center para-style-title\"><span class=\"WdYUQQ text-decoration-none text-strikethrough-none\">-ROSEY 1 + ROSEY 2, (2:1) MELEG R\u00d3ZSASZ\u00cdN<\/span><\/p>\n<p class=\"_04xlpA direction-ltr align-center para-style-title\"><span class=\"WdYUQQ text-decoration-none text-strikethrough-none\">-ROSEY 2 + ELEGANCE 2, (1:1) TEL\u00cdTETT M\u00c1LN\u00c1S<\/span><\/p>\n<p class=\"_04xlpA direction-ltr align-center para-style-title\"><span class=\"WdYUQQ text-decoration-none text-strikethrough-none\">HIDEG R\u00d3ZSASZ\u00cdN<\/span><\/p>\n<p class=\"_04xlpA direction-ltr align-center para-style-title\"><span class=\"WdYUQQ text-decoration-none text-strikethrough-none\">ELEGANCE 2 + ROSEY 2 (1:1) ER\u0150SEBB LEVENDULA SZ\u00cdN<\/span><\/p>\n<p class=\"_04xlpA direction-ltr align-center para-style-title\"><span class=\"WdYUQQ text-decoration-none text-strikethrough-none\">ELEGANCE 2 + VIRGIN 3 (1:1) L\u00c1GYABB LEVENDULA SZ\u00cdN<\/span><\/p>\n<p class=\"_04xlpA direction-ltr align-center para-style-title\"><span class=\"WdYUQQ text-decoration-none text-strikethrough-none\">SZ\u00c1JSZ\u00cdN<\/span><\/p>\n<p class=\"_04xlpA direction-ltr align-center para-style-title\"><span class=\"WdYUQQ text-decoration-none text-strikethrough-none\">-ELEGANCE 1 + VIRGIN 2, (2:1) MELEG, BARN\u00c1S SZ\u00c1JSZ\u00cdN<\/span><\/p>\n<p class=\"_04xlpA direction-ltr align-center para-style-title\"><span class=\"WdYUQQ text-decoration-none text-strikethrough-none\">-ELEGANCE 1 + VIRGIN 3, (1:1) H\u00daSSZ\u00cdN, SZ\u00c1J SZ\u00cdN<\/span><\/p>\n<p class=\"_04xlpA direction-ltr align-center para-style-title\"><span class=\"WdYUQQ text-decoration-none text-strikethrough-none\">-ELEGANCE 2 + VIRGIN 1, (2:1) M\u00c1LYV\u00c1S P\u00daDER SZ\u00cdN<\/span><\/p>\n<p class=\"_04xlpA direction-ltr align-center para-style-title\"><span class=\"WdYUQQ text-decoration-none text-strikethrough-none\">BARACK, KORALL<\/span><\/p>\n<p class=\"_04xlpA direction-ltr align-center para-style-title\"><span class=\"WdYUQQ text-decoration-none text-strikethrough-none\">-CORAL 2 + CORAL 1 (1-2 CS CORAL 1) NAGYON \u00c9L\u00c9NK, MELEG, KORALL<\/span><\/p>\n<p class=\"_04xlpA direction-ltr align-center para-style-title\"><span class=\"WdYUQQ text-decoration-none text-strikethrough-none\">-VIRGIN 1 + CORAL 1, (1-2 CS CORAL 1) \u00dcDE, R\u00d3ZSASZ\u00cdNES, BARACK<\/span><\/p>\n<p class=\"_04xlpA direction-ltr align-center para-style-title\"><span class=\"WdYUQQ text-decoration-none text-strikethrough-none\">-VIRGIN 1 + CORAL 2 (2:1) ER\u0150SEBB KORALL SZ\u00cdN<\/span><\/p>\n<p class=\"_04xlpA direction-ltr align-center para-style-title\"><span class=\"WdYUQQ text-decoration-none text-strikethrough-none\">-CORAL 2 + VIRGIN 1 (2:1) L\u00c1GYABB KORALL SZ\u00cdN<\/span><\/p>\n<p class=\"_04xlpA direction-ltr align-center para-style-title\"><span class=\"WdYUQQ text-decoration-none text-strikethrough-none\">PIROS<\/span><\/p>\n<p class=\"_04xlpA direction-ltr align-center para-style-title\"><span class=\"WdYUQQ text-decoration-none text-strikethrough-none\">-ELEGANCE 1 + CORAL 1 (1-2 CS CORAL 1)<\/span> <span class=\"WdYUQQ text-decoration-none text-strikethrough-none\">\u00c9L\u00c9NK PIROS<\/span><\/p>\n<p><em><strong>Biztons\u00e1gi adatlap:<\/strong><\/em><\/p>\n<p><a href=\"https:\/\/essentialbeauty.hu\/wp-content\/uploads\/2023\/03\/EN-BL-VIRGIN-II_ver.1.0-hu.pdf\">EN-BL-VIRGIN II_ver.1.0 hu<\/a><\/p>\n<pre>\r\n\r\n<\/pre>\n<p class=\"s3\"><span class=\"s4\">\u00d6sszetev\u0151k\/Ingredients: C.I. 77891 (Titanium Dioxide), Alcohol, Glycerin,<\/span><\/p>\n<p class=\"s3\"><span class=\"s4\">C.I. 77491 (Iron Oxides), Aqua, C.I. 77499 (Iron Oxides), Propylene <\/span><span class=\"s4\">Glycol, <\/span><\/p>\n<p class=\"s3\"><span class=\"s4\">C.I. 77492 (Iron Oxides), Ricin Oil, Polysorbate 20, Magnesium Aluminium Silicate, PVP, Aloe Barbadensis, Hamamelis Virginiana.<\/span><\/p>\n","protected":false},"excerpt":{"rendered":"<p class=\"s3\"><span class=\"s4\">Pigmentkever\u00e9k tetov\u00e1l\u00e1shoz vagy tart\u00f3s sminkhez.<\/span>\u00a0Professzion\u00e1lis haszn\u00e1latra. Steril. Nikkelt\/ kr\u00f3mot tartalmaz. Allergi\u00e1s reakci\u00f3t okozhat.<\/p>\n<p class=\"s3\"><span class=\"s4\">Gy\u00e1rt\u00f3\/Produced by<\/span><\/p>\n<p class=\"s3\"><span class=\"s4\">ESSENTIAL BEAUTY KFT<\/span><\/p>\n<p class=\"s3\"><span class=\"s4\">Deak Ferenc Utca 21 1\/1<\/span><\/p>\n<p class=\"s3\"><span class=\"s4\">1052 Budapest Hungary<\/span><\/p>\n<p>Az \u00e1r nem tartalmazza az \u00c1FA-t.<\/p>\n<p>Kiszerel\u00e9s: 10 ml<\/p>\n","protected":false},"featured_media":491,"comment_status":"closed","ping_status":"closed","template":"","meta":[],"product_brand":[],"product_cat":[83],"product_tag":[111,112],"class_list":{"0":"post-977","1":"product","2":"type-product","3":"status-publish","4":"has-post-thumbnail","6":"product_cat-szaj-pigmentek","7":"product_tag-lips-hu","8":"product_tag-pigments-hu","10":"first","11":"instock","12":"taxable","13":"shipping-taxable","14":"purchasable","15":"product-type-simple"},"_links":{"self":[{"href":"https:\/\/essentialbeauty.hu\/hu\/wp-json\/wp\/v2\/product\/977","targetHints":{"allow":["GET"]}}],"collection":[{"href":"https:\/\/essentialbeauty.hu\/hu\/wp-json\/wp\/v2\/product"}],"about":[{"href":"https:\/\/essentialbeauty.hu\/hu\/wp-json\/wp\/v2\/types\/product"}],"replies":[{"embeddable":true,"href":"https:\/\/essentialbeauty.hu\/hu\/wp-json\/wp\/v2\/comments?post=977"}],"wp:featuredmedia":[{"embeddable":true,"href":"https:\/\/essentialbeauty.hu\/hu\/wp-json\/wp\/v2\/media\/491"}],"wp:attachment":[{"href":"https:\/\/essentialbeauty.hu\/hu\/wp-json\/wp\/v2\/media?parent=977"}],"wp:term":[{"taxonomy":"product_brand","embeddable":true,"href":"https:\/\/essentialbeauty.hu\/hu\/wp-json\/wp\/v2\/product_brand?post=977"},{"taxonomy":"product_cat","embeddable":true,"href":"https:\/\/essentialbeauty.hu\/hu\/wp-json\/wp\/v2\/product_cat?post=977"},{"taxonomy":"product_tag","embeddable":true,"href":"https:\/\/essentialbeauty.hu\/hu\/wp-json\/wp\/v2\/product_tag?post=977"}],"curies":[{"name":"wp","href":"https:\/\/api.w.org\/{rel}","templated":true}]}}