{"id":980,"date":"2023-03-15T21:32:50","date_gmt":"2023-03-15T20:32:50","guid":{"rendered":"http:\/\/essentialbeauty.dmmbsolutions.com\/?post_type=product&#038;p=980"},"modified":"2024-09-02T21:46:24","modified_gmt":"2024-09-02T20:46:24","slug":"artyst-h1","status":"publish","type":"product","link":"https:\/\/essentialbeauty.hu\/hu\/product\/artyst-h1\/","title":{"rendered":"Artyst \u2122 H1"},"content":{"rendered":"<div id=\"tab-description\" class=\"woocommerce-Tabs-panel woocommerce-Tabs-panel--description panel entry-content wc-tab\" role=\"tabpanel\" aria-labelledby=\"tab-title-description\">\n<div class=\"post-content\">\n<h3 class=\"fusion-woocommerce-tab-title fusion-responsive-typography-calculated\" data-fontsize=\"18\" data-lineheight=\"27px\">Le\u00edr\u00e1s<\/h3>\n<p class=\"p1\"><span class=\"s1\">Az Artyst H1 PMU Classic csendes m\u0171k\u00f6d\u00e9s\u00e9vel \u00e9s k\u00f6nny\u0171 kialak\u00edt\u00e1s\u00e1val igen n\u00e9pszer\u0171 tetov\u00e1l\u00f3 g\u00e9p, mellyel t\u00f6k\u00e9letes precizit\u00e1ssal dolgozhatnak a sminktetov\u00e1l\u00f3 szakemberek.<\/span><\/p>\n<p class=\"p1\"><span class=\"s1\">Az ultrafinom sz\u00e1lh\u00faz\u00e1st\u00f3l az \u00e1rny\u00e9kol\u00e1son kereszt\u00fcl a prec\u00edz pixeltechnik\u00e1kig a H1 PMU Classic sokoldal\u00faan jeleskedik. Alkalmazkod\u00f3k\u00e9pess\u00e9g\u00e9nek k\u00f6sz\u00f6nhet\u0151en egy igazi univerz\u00e1lis PMU g\u00e9p, amely kiel\u00e9g\u00edti minden sminktetov\u00e1l\u00f3 elv\u00e1r\u00e1sait.<\/span><\/p>\n<p class=\"p1\"><span class=\"s1\">A H1 PMU Classic v\u00e9kony \u00e9s ergon\u00f3mikus kialak\u00edt\u00e1s\u00fa, k\u00f6nny\u0171 \u00e9s prec\u00edz kialak\u00edt\u00e1sa hozz\u00e1j\u00e1rul a z\u00f6kken\u0151mentes m\u0171v\u00e9szi \u00e9lm\u00e9nyhez.<\/span><\/p>\n<p class=\"p1\"><span class=\"s1\">Az optimaliz\u00e1lt b\u0151rbehatol\u00e1s \u00e9s az \u00e1ll\u00edthat\u00f3 t\u0171m\u00e9lys\u00e9g minimaliz\u00e1lja a b\u0151r traum\u00e1j\u00e1t. Jelent\u0151s sz\u00ednmegtart\u00e1st \u00e9s gyors gy\u00f3gyul\u00e1si folyamatot biztos\u00edt, minden b\u0151rt\u00edpusra alkalmas.<\/span><\/p>\n<p>&nbsp;<\/p>\n<\/div>\n<\/div>\n","protected":false},"excerpt":{"rendered":"<div class=\"post-content woocommerce-product-details__short-description\">\n<p>Az \u00e1r nem tartalmazza az \u00c1FA-t.<\/p>\n<p>Az Artyst \u2122 H1 g\u00e9p (k\u00e9ziegys\u00e9g) a legpontosabb, legbiztons\u00e1gosabb \u00e9s legcsendesebb tetov\u00e1l\u00f3g\u00e9p, amelyet a piacon tal\u00e1lhatsz. Minim\u00e1lis vibr\u00e1ci\u00f3, t\u00f6k\u00e9letes zajmentess\u00e9g, precizit\u00e1s \u00e9s pontoss\u00e1g \u2013 ez az Artyst!<\/p>\n<p>Kompatibilis az Artyst Power Unittal.<\/p>\n<\/div>\n","protected":false},"featured_media":236,"comment_status":"closed","ping_status":"closed","template":"","meta":[],"product_brand":[],"product_cat":[80],"product_tag":[],"class_list":{"0":"post-980","1":"product","2":"type-product","3":"status-publish","4":"has-post-thumbnail","6":"product_cat-artyst_tetovalogepek","8":"first","9":"instock","10":"taxable","11":"shipping-taxable","12":"purchasable","13":"product-type-simple"},"_links":{"self":[{"href":"https:\/\/essentialbeauty.hu\/hu\/wp-json\/wp\/v2\/product\/980","targetHints":{"allow":["GET"]}}],"collection":[{"href":"https:\/\/essentialbeauty.hu\/hu\/wp-json\/wp\/v2\/product"}],"about":[{"href":"https:\/\/essentialbeauty.hu\/hu\/wp-json\/wp\/v2\/types\/product"}],"replies":[{"embeddable":true,"href":"https:\/\/essentialbeauty.hu\/hu\/wp-json\/wp\/v2\/comments?post=980"}],"wp:featuredmedia":[{"embeddable":true,"href":"https:\/\/essentialbeauty.hu\/hu\/wp-json\/wp\/v2\/media\/236"}],"wp:attachment":[{"href":"https:\/\/essentialbeauty.hu\/hu\/wp-json\/wp\/v2\/media?parent=980"}],"wp:term":[{"taxonomy":"product_brand","embeddable":true,"href":"https:\/\/essentialbeauty.hu\/hu\/wp-json\/wp\/v2\/product_brand?post=980"},{"taxonomy":"product_cat","embeddable":true,"href":"https:\/\/essentialbeauty.hu\/hu\/wp-json\/wp\/v2\/product_cat?post=980"},{"taxonomy":"product_tag","embeddable":true,"href":"https:\/\/essentialbeauty.hu\/hu\/wp-json\/wp\/v2\/product_tag?post=980"}],"curies":[{"name":"wp","href":"https:\/\/api.w.org\/{rel}","templated":true}]}}